{"id":110,"date":"2025-11-03T09:40:16","date_gmt":"2025-11-03T08:40:16","guid":{"rendered":"https:\/\/edyprobiotec.com\/?page_id=110"},"modified":"2025-11-26T16:55:56","modified_gmt":"2025-11-26T15:55:56","slug":"idi","status":"publish","type":"page","link":"https:\/\/edyprobiotec.com\/en\/idi\/","title":{"rendered":"R&amp;D&amp;I"},"content":{"rendered":"<div data-elementor-type=\"wp-page\" data-elementor-id=\"110\" class=\"elementor elementor-110\" data-elementor-post-type=\"page\">\n\t\t\t\t<div class=\"elementor-element elementor-element-20a3147 e-flex e-con-boxed e-con e-parent\" data-id=\"20a3147\" data-element_type=\"container\" data-settings=\"{&quot;background_background&quot;:&quot;classic&quot;,&quot;jet_parallax_layout_list&quot;:[]}\">\n\t\t\t\t\t<div class=\"e-con-inner\">\n\t\t\t\t<div class=\"elementor-element elementor-element-e9d778c text-center elementor-widget elementor-widget-tp-heading-title\" data-id=\"e9d778c\" data-element_type=\"widget\" data-widget_type=\"tp-heading-title.default\">\n\t\t\t\t\t<div class=\"heading heading_style heading_style69e17acf6209f style-1\" ><div class=\"sub-style\"  ><div class=\"head-title\" > <h2  class=\"heading-title\"   data-hover=\"I+D+i\">R&amp;D&amp;I<span class=\"title-s\">  <\/span><\/h2><\/div><\/div><\/div>\t\t\t\t<\/div>\n\t\t\t\t<div class=\"elementor-element elementor-element-51ad2f3 elementor-widget elementor-widget-hfe-breadcrumbs-widget\" data-id=\"51ad2f3\" data-element_type=\"widget\" data-widget_type=\"hfe-breadcrumbs-widget.default\">\n\t\t\t\t<div class=\"elementor-widget-container\">\n\t\t\t\t\t<nav aria-label=\"Breadcrumb\"><ul class=\"hfe-breadcrumbs hfe-breadcrumbs-show-home\"><li class=\"hfe-breadcrumbs-item hfe-breadcrumbs-first\"><span class=\"hfe-breadcrumbs-home-icon\"><svg aria-hidden=\"true\" class=\"e-font-icon-svg e-fas-home\" viewbox=\"0 0 576 512\" xmlns=\"http:\/\/www.w3.org\/2000\/svg\"><path d=\"M280.37 148.26L96 300.11V464a16 16 0 0 0 16 16l112.06-.29a16 16 0 0 0 15.92-16V368a16 16 0 0 1 16-16h64a16 16 0 0 1 16 16v95.64a16 16 0 0 0 16 16.05L464 480a16 16 0 0 0 16-16V300L295.67 148.26a12.19 12.19 0 0 0-15.3 0zM571.6 251.47L488 182.56V44.05a12 12 0 0 0-12-12h-56a12 12 0 0 0-12 12v72.61L318.47 43a48 48 0 0 0-61 0L4.34 251.47a12 12 0 0 0-1.6 16.9l25.5 31A12 12 0 0 0 45.15 301l235.22-193.74a12.19 12.19 0 0 1 15.3 0L530.9 301a12 12 0 0 0 16.9-1.6l25.5-31a12 12 0 0 0-1.7-16.93z\"><\/path><\/svg><\/span><a href=\"https:\/\/edyprobiotec.com\/en\"><span class=\"hfe-breadcrumbs-text\">Home<\/span><\/a><\/li><\/ul><\/nav>\t\t\t\t<\/div>\n\t\t\t\t<\/div>\n\t\t\t\t\t<\/div>\n\t\t\t\t<\/div>\n\t\t<div class=\"elementor-element elementor-element-a7db778 e-flex e-con-boxed e-con e-parent\" data-id=\"a7db778\" data-element_type=\"container\" data-settings=\"{&quot;background_background&quot;:&quot;classic&quot;,&quot;jet_parallax_layout_list&quot;:[]}\">\n\t\t\t\t\t<div class=\"e-con-inner\">\n\t\t<div class=\"elementor-element elementor-element-4bf9453 e-con-full e-flex e-con e-child\" data-id=\"4bf9453\" data-element_type=\"container\" data-settings=\"{&quot;jet_parallax_layout_list&quot;:[]}\">\n\t\t<div class=\"elementor-element elementor-element-bf727ea e-con-full e-flex e-con e-child\" data-id=\"bf727ea\" data-element_type=\"container\" data-settings=\"{&quot;jet_parallax_layout_list&quot;:[]}\">\n\t\t\t\t<div class=\"elementor-element elementor-element-bad0519 elementor-widget elementor-widget-image\" data-id=\"bad0519\" data-element_type=\"widget\" data-widget_type=\"image.default\">\n\t\t\t\t\t\t\t\t\t\t\t\t\t\t\t<img decoding=\"async\" src=\"https:\/\/edyprobiotec.com\/wp-content\/uploads\/elementor\/thumbs\/cropped-cropped-icono_edypro-reuel7oqq2imy7d38qcfj9z3ojxpaju5dhb2fo9ooq.png\" title=\"cropped-cropped-icon_edypro.png\" alt=\"Logo Edypro\" loading=\"lazy\" \/>\t\t\t\t\t\t\t\t\t\t\t\t\t\t\t<\/div>\n\t\t\t\t<div class=\"elementor-element elementor-element-80256bb elementor-widget elementor-widget-heading\" data-id=\"80256bb\" data-element_type=\"widget\" data-widget_type=\"heading.default\">\n\t\t\t\t\t<h2 class=\"elementor-heading-title elementor-size-default\">Agricultural biotechnology<\/h2>\t\t\t\t<\/div>\n\t\t\t\t<\/div>\n\t\t\t\t<\/div>\n\t\t<div class=\"elementor-element elementor-element-b061715 e-con-full e-flex e-con e-child\" data-id=\"b061715\" data-element_type=\"container\" data-settings=\"{&quot;jet_parallax_layout_list&quot;:[]}\">\n\t\t<div class=\"elementor-element elementor-element-9a8b592 e-con-full e-flex e-con e-child\" data-id=\"9a8b592\" data-element_type=\"container\" data-settings=\"{&quot;jet_parallax_layout_list&quot;:[]}\">\n\t\t\t\t<div class=\"elementor-element elementor-element-e50a019 elementor-widget__width-inherit elementor-widget elementor-widget-image\" data-id=\"e50a019\" data-element_type=\"widget\" data-widget_type=\"image.default\">\n\t\t\t\t\t\t\t\t\t\t\t\t\t\t\t<img fetchpriority=\"high\" decoding=\"async\" width=\"800\" height=\"600\" src=\"https:\/\/edyprobiotec.com\/wp-content\/uploads\/2025\/11\/Archivo_000-1024x768-1.jpeg\" class=\"attachment-large size-large wp-image-12975\" alt=\"\" srcset=\"https:\/\/edyprobiotec.com\/wp-content\/uploads\/2025\/11\/Archivo_000-1024x768-1.jpeg 1024w, https:\/\/edyprobiotec.com\/wp-content\/uploads\/2025\/11\/Archivo_000-1024x768-1-300x225.jpeg 300w, https:\/\/edyprobiotec.com\/wp-content\/uploads\/2025\/11\/Archivo_000-1024x768-1-768x576.jpeg 768w, https:\/\/edyprobiotec.com\/wp-content\/uploads\/2025\/11\/Archivo_000-1024x768-1-16x12.jpeg 16w, https:\/\/edyprobiotec.com\/wp-content\/uploads\/2025\/11\/Archivo_000-1024x768-1-600x450.jpeg 600w\" sizes=\"(max-width: 800px) 100vw, 800px\" \/>\t\t\t\t\t\t\t\t\t\t\t\t\t\t\t<\/div>\n\t\t<div class=\"elementor-element elementor-element-4e89166 e-con-full e-flex e-con e-child\" data-id=\"4e89166\" data-element_type=\"container\" data-settings=\"{&quot;jet_parallax_layout_list&quot;:[]}\">\n\t\t<div class=\"elementor-element elementor-element-ee51268 e-con-full e-flex e-con e-child\" data-id=\"ee51268\" data-element_type=\"container\" data-settings=\"{&quot;jet_parallax_layout_list&quot;:[]}\">\n\t\t\t\t<div class=\"elementor-element elementor-element-96a07e6 text-left elementor-widget elementor-widget-tp-heading-title\" data-id=\"96a07e6\" data-element_type=\"widget\" data-widget_type=\"tp-heading-title.default\">\n\t\t\t\t\t<div class=\"heading heading_style heading_style69e17acf6873c style-1\" ><div class=\"sub-style\"  ><div class=\"head-title\" > <h2  class=\"heading-title\"   data-hover=\"An\u00e1lisis biol\u00f3gico y fisiol\u00f3gico\">Biological and physiological analysis<span class=\"title-s\">  <\/span><\/h2><\/div><\/div><\/div>\t\t\t\t<\/div>\n\t\t\t\t<\/div>\n\t\t\t\t<div class=\"elementor-element elementor-element-0d57485 text--mobileleft elementor-widget elementor-widget-tp-adv-text-block\" data-id=\"0d57485\" data-element_type=\"widget\" data-widget_type=\"tp-adv-text-block.default\">\n\t\t\t\t\t<div class=\"pt-plus-text-block-wrapper\" ><div class=\"text_block_parallax\"><div class=\"pt_plus_adv_text_block\" ><div class=\"text-content-block\"><p>In\u00a0<strong>EDYPRO<\/strong>\u00a0We carefully study the biological and physiological functioning of plant species. We analyze their phenological state and behavior, according to the crop cycle, to determine the causes of any unsuitable performance for the desired quality and production.<\/p><\/div><\/div><\/div><\/div>\t\t\t\t<\/div>\n\t\t\t\t<div class=\"elementor-element elementor-element-a40a282 text-left elementor-widget elementor-widget-tp-heading-title\" data-id=\"a40a282\" data-element_type=\"widget\" data-widget_type=\"tp-heading-title.default\">\n\t\t\t\t\t<div class=\"heading heading_style heading_style69e17acf6962b style-1\" ><div class=\"sub-style\"  ><div class=\"head-title\" > <h2  class=\"heading-title\"   data-hover=\"Analizamos las causas por las que el cultivo est\u00e1 teniendo un comportamiento inadecuado\">We analyzed the reasons why the crop is behaving inappropriately.<span class=\"title-s\">  <\/span><\/h2><\/div><\/div><\/div>\t\t\t\t<\/div>\n\t\t\t\t<\/div>\n\t\t\t\t<\/div>\n\t\t<div class=\"elementor-element elementor-element-7e3e7f3 e-con-full e-flex e-con e-child\" data-id=\"7e3e7f3\" data-element_type=\"container\" data-settings=\"{&quot;jet_parallax_layout_list&quot;:[]}\">\n\t\t\t\t<div class=\"elementor-element elementor-element-cbb212b elementor-widget__width-inherit elementor-widget elementor-widget-image\" data-id=\"cbb212b\" data-element_type=\"widget\" data-widget_type=\"image.default\">\n\t\t\t\t\t\t\t\t\t\t\t\t\t\t\t<img decoding=\"async\" width=\"800\" height=\"600\" src=\"https:\/\/edyprobiotec.com\/wp-content\/uploads\/2025\/11\/procuaje-web-1.jpg\" class=\"attachment-large size-large wp-image-12974\" alt=\"\" srcset=\"https:\/\/edyprobiotec.com\/wp-content\/uploads\/2025\/11\/procuaje-web-1.jpg 1024w, https:\/\/edyprobiotec.com\/wp-content\/uploads\/2025\/11\/procuaje-web-1-300x225.jpg 300w, https:\/\/edyprobiotec.com\/wp-content\/uploads\/2025\/11\/procuaje-web-1-768x576.jpg 768w, https:\/\/edyprobiotec.com\/wp-content\/uploads\/2025\/11\/procuaje-web-1-16x12.jpg 16w, https:\/\/edyprobiotec.com\/wp-content\/uploads\/2025\/11\/procuaje-web-1-600x450.jpg 600w\" sizes=\"(max-width: 800px) 100vw, 800px\" \/>\t\t\t\t\t\t\t\t\t\t\t\t\t\t\t<\/div>\n\t\t<div class=\"elementor-element elementor-element-be24881 e-con-full e-flex e-con e-child\" data-id=\"be24881\" data-element_type=\"container\" data-settings=\"{&quot;jet_parallax_layout_list&quot;:[]}\">\n\t\t<div class=\"elementor-element elementor-element-67e7102 e-con-full e-flex e-con e-child\" data-id=\"67e7102\" data-element_type=\"container\" data-settings=\"{&quot;jet_parallax_layout_list&quot;:[]}\">\n\t\t\t\t<div class=\"elementor-element elementor-element-4d2e2b2 text-left elementor-widget elementor-widget-tp-heading-title\" data-id=\"4d2e2b2\" data-element_type=\"widget\" data-widget_type=\"tp-heading-title.default\">\n\t\t\t\t\t<div class=\"heading heading_style heading_style69e17acf6a388 style-1\" ><div class=\"sub-style\"  ><div class=\"head-title\" > <h2  class=\"heading-title\"   data-hover=\"Actuamos sobre los genes productivos\">We act on the productive genes<span class=\"title-s\">  <\/span><\/h2><\/div><\/div><\/div>\t\t\t\t<\/div>\n\t\t\t\t<\/div>\n\t\t\t\t<div class=\"elementor-element elementor-element-3f0f5a9 text--mobileleft elementor-widget elementor-widget-tp-adv-text-block\" data-id=\"3f0f5a9\" data-element_type=\"widget\" data-widget_type=\"tp-adv-text-block.default\">\n\t\t\t\t\t<div class=\"pt-plus-text-block-wrapper\" ><div class=\"text_block_parallax\"><div class=\"pt_plus_adv_text_block\" ><div class=\"text-content-block\"><p>Thus, the\u00a0<strong>plant physiology<\/strong>\u00a0This allows us to identify the causes of poor crop yields. Based on this conclusion, we open up biotechnological research avenues to influence the key success factors of the crop, specifically and appropriately for each problem.<\/p><\/div><\/div><\/div><\/div>\t\t\t\t<\/div>\n\t\t\t\t<div class=\"elementor-element elementor-element-3e7a104 text-left elementor-widget elementor-widget-tp-heading-title\" data-id=\"3e7a104\" data-element_type=\"widget\" data-widget_type=\"tp-heading-title.default\">\n\t\t\t\t\t<div class=\"heading heading_style heading_style69e17acf6b40b style-1\" ><div class=\"sub-style\"  ><div class=\"head-title\" > <h2  class=\"heading-title\"   data-hover=\"Influimos en los factores clave de \u00e9xito de los cultivos mediante la biotecnolog\u00eda\">We influence the key success factors of crops through biotechnology<span class=\"title-s\">  <\/span><\/h2><\/div><\/div><\/div>\t\t\t\t<\/div>\n\t\t\t\t<\/div>\n\t\t\t\t<\/div>\n\t\t\t\t<\/div>\n\t\t<div class=\"elementor-element elementor-element-12c2a3a e-con-full e-flex e-con e-child\" data-id=\"12c2a3a\" data-element_type=\"container\" data-settings=\"{&quot;jet_parallax_layout_list&quot;:[]}\">\n\t\t<div class=\"elementor-element elementor-element-50d226d e-con-full e-flex e-con e-child\" data-id=\"50d226d\" data-element_type=\"container\" data-settings=\"{&quot;jet_parallax_layout_list&quot;:[]}\">\n\t\t\t\t<div class=\"elementor-element elementor-element-2b6926d elementor-widget__width-inherit elementor-widget elementor-widget-image\" data-id=\"2b6926d\" data-element_type=\"widget\" data-widget_type=\"image.default\">\n\t\t\t\t\t\t\t\t\t\t\t\t\t\t\t<img decoding=\"async\" width=\"800\" height=\"559\" src=\"https:\/\/edyprobiotec.com\/wp-content\/uploads\/2025\/11\/IMG_1890-1024x715-1.png\" class=\"attachment-large size-large wp-image-12969\" alt=\"\" srcset=\"https:\/\/edyprobiotec.com\/wp-content\/uploads\/2025\/11\/IMG_1890-1024x715-1.png 1024w, https:\/\/edyprobiotec.com\/wp-content\/uploads\/2025\/11\/IMG_1890-1024x715-1-300x209.png 300w, https:\/\/edyprobiotec.com\/wp-content\/uploads\/2025\/11\/IMG_1890-1024x715-1-768x536.png 768w, https:\/\/edyprobiotec.com\/wp-content\/uploads\/2025\/11\/IMG_1890-1024x715-1-18x12.png 18w, https:\/\/edyprobiotec.com\/wp-content\/uploads\/2025\/11\/IMG_1890-1024x715-1-600x419.png 600w\" sizes=\"(max-width: 800px) 100vw, 800px\" \/>\t\t\t\t\t\t\t\t\t\t\t\t\t\t\t<\/div>\n\t\t<div class=\"elementor-element elementor-element-97dfb1d e-con-full e-flex e-con e-child\" data-id=\"97dfb1d\" data-element_type=\"container\" data-settings=\"{&quot;jet_parallax_layout_list&quot;:[]}\">\n\t\t<div class=\"elementor-element elementor-element-d01b6cd e-con-full e-flex e-con e-child\" data-id=\"d01b6cd\" data-element_type=\"container\" data-settings=\"{&quot;jet_parallax_layout_list&quot;:[]}\">\n\t\t\t\t<div class=\"elementor-element elementor-element-c83bcf1 text-left elementor-widget elementor-widget-tp-heading-title\" data-id=\"c83bcf1\" data-element_type=\"widget\" data-widget_type=\"tp-heading-title.default\">\n\t\t\t\t\t<div class=\"heading heading_style heading_style69e17acf6c3b0 style-1\" ><div class=\"sub-style\"  ><div class=\"head-title\" > <h2  class=\"heading-title\"   data-hover=\"Asistencia t\u00e9cnica al profesional\">Technical assistance to the professional<span class=\"title-s\">  <\/span><\/h2><\/div><\/div><\/div>\t\t\t\t<\/div>\n\t\t\t\t<\/div>\n\t\t\t\t<div class=\"elementor-element elementor-element-cf745f6 text--mobileleft elementor-widget elementor-widget-tp-adv-text-block\" data-id=\"cf745f6\" data-element_type=\"widget\" data-widget_type=\"tp-adv-text-block.default\">\n\t\t\t\t\t<div class=\"pt-plus-text-block-wrapper\" ><div class=\"text_block_parallax\"><div class=\"pt_plus_adv_text_block\" ><div class=\"text-content-block\"><p>In agriculture today and in the future, crops must be managed by acting proactively to avoid falling into unsuitable growing conditions that lead to low production and quality.<\/p><\/div><\/div><\/div><\/div>\t\t\t\t<\/div>\n\t\t\t\t<div class=\"elementor-element elementor-element-438148b text-left elementor-widget elementor-widget-tp-heading-title\" data-id=\"438148b\" data-element_type=\"widget\" data-widget_type=\"tp-heading-title.default\">\n\t\t\t\t\t<div class=\"heading heading_style heading_style69e17acf6d226 style-1\" ><div class=\"sub-style\"  ><div class=\"head-title\" > <h2  class=\"heading-title\"   data-hover=\"Tenemos en cuenta todos los factores que condicionan las cosechas\">We take into account all the factors that affect the harvests<span class=\"title-s\">  <\/span><\/h2><\/div><\/div><\/div>\t\t\t\t<\/div>\n\t\t\t\t<\/div>\n\t\t\t\t<\/div>\n\t\t<div class=\"elementor-element elementor-element-9734a88 e-con-full e-flex e-con e-child\" data-id=\"9734a88\" data-element_type=\"container\" data-settings=\"{&quot;jet_parallax_layout_list&quot;:[]}\">\n\t\t\t\t<div class=\"elementor-element elementor-element-a1451e5 elementor-widget__width-inherit elementor-widget elementor-widget-image\" data-id=\"a1451e5\" data-element_type=\"widget\" data-widget_type=\"image.default\">\n\t\t\t\t\t\t\t\t\t\t\t\t\t\t\t<img loading=\"lazy\" decoding=\"async\" width=\"600\" height=\"400\" src=\"https:\/\/edyprobiotec.com\/wp-content\/uploads\/2025\/11\/analysis-2030265_1920-600x400-1.jpg\" class=\"attachment-large size-large wp-image-12970\" alt=\"\" srcset=\"https:\/\/edyprobiotec.com\/wp-content\/uploads\/2025\/11\/analysis-2030265_1920-600x400-1.jpg 600w, https:\/\/edyprobiotec.com\/wp-content\/uploads\/2025\/11\/analysis-2030265_1920-600x400-1-300x200.jpg 300w, https:\/\/edyprobiotec.com\/wp-content\/uploads\/2025\/11\/analysis-2030265_1920-600x400-1-18x12.jpg 18w\" sizes=\"(max-width: 600px) 100vw, 600px\" \/>\t\t\t\t\t\t\t\t\t\t\t\t\t\t\t<\/div>\n\t\t<div class=\"elementor-element elementor-element-3282900 e-con-full e-flex e-con e-child\" data-id=\"3282900\" data-element_type=\"container\" data-settings=\"{&quot;jet_parallax_layout_list&quot;:[]}\">\n\t\t<div class=\"elementor-element elementor-element-3468134 e-con-full e-flex e-con e-child\" data-id=\"3468134\" data-element_type=\"container\" data-settings=\"{&quot;jet_parallax_layout_list&quot;:[]}\">\n\t\t\t\t<div class=\"elementor-element elementor-element-6cc3e4d text-left elementor-widget elementor-widget-tp-heading-title\" data-id=\"6cc3e4d\" data-element_type=\"widget\" data-widget_type=\"tp-heading-title.default\">\n\t\t\t\t\t<div class=\"heading heading_style heading_style69e17acf6df6f style-1\" ><div class=\"sub-style\"  ><div class=\"head-title\" > <h2  class=\"heading-title\"   data-hover=\"I+D+i para la mayor calidad\">R&amp;D&amp;I for the highest quality<span class=\"title-s\">  <\/span><\/h2><\/div><\/div><\/div>\t\t\t\t<\/div>\n\t\t\t\t<\/div>\n\t\t\t\t<div class=\"elementor-element elementor-element-7447b4a text--mobileleft elementor-widget elementor-widget-tp-adv-text-block\" data-id=\"7447b4a\" data-element_type=\"widget\" data-widget_type=\"tp-adv-text-block.default\">\n\t\t\t\t\t<div class=\"pt-plus-text-block-wrapper\" ><div class=\"text_block_parallax\"><div class=\"pt_plus_adv_text_block\" ><div class=\"text-content-block\"><p>Biotechnology\u00a0<strong>EDYPRO<\/strong>\u00a0It studies how to create ways of acting that activate natural self-defense systems and seeks ways to influence the improvement of the plant&#039;s immune system functioning.<\/p><\/div><\/div><\/div><\/div>\t\t\t\t<\/div>\n\t\t\t\t<div class=\"elementor-element elementor-element-032a4ed text-left elementor-widget elementor-widget-tp-heading-title\" data-id=\"032a4ed\" data-element_type=\"widget\" data-widget_type=\"tp-heading-title.default\">\n\t\t\t\t\t<div class=\"heading heading_style heading_style69e17acf6ec1f style-1\" ><div class=\"sub-style\"  ><div class=\"head-title\" > <h2  class=\"heading-title\"   data-hover=\"Analizamos y estudiamos la evoluci\u00f3n y comportamiento de cada especie para lograr m\u00e1xima calidad y producci\u00f3n sin residuos\">We analyze and study the evolution and behavior of each species to achieve maximum quality and zero-waste production<span class=\"title-s\">  <\/span><\/h2><\/div><\/div><\/div>\t\t\t\t<\/div>\n\t\t\t\t<\/div>\n\t\t\t\t<\/div>\n\t\t\t\t<\/div>\n\t\t\t\t\t<\/div>\n\t\t\t\t<\/div>\n\t\t<div class=\"elementor-element elementor-element-a8c1176 e-flex e-con-boxed e-con e-parent\" data-id=\"a8c1176\" data-element_type=\"container\" data-settings=\"{&quot;background_background&quot;:&quot;classic&quot;,&quot;jet_parallax_layout_list&quot;:[]}\">\n\t\t\t\t\t<div class=\"e-con-inner\">\n\t\t\t\t<div class=\"elementor-element elementor-element-d52c803 elementor-widget__width-initial elementor-widget-tablet__width-inherit elementor-widget elementor-widget-heading\" data-id=\"d52c803\" data-element_type=\"widget\" data-widget_type=\"heading.default\">\n\t\t\t\t\t<h2 class=\"elementor-heading-title elementor-size-default\">Discover our biotechnology solutions\n<\/h2>\t\t\t\t<\/div>\n\t\t\t\t<div class=\"elementor-element elementor-element-3c83dff elementor-widget elementor-widget-tp-button\" data-id=\"3c83dff\" data-element_type=\"widget\" data-widget_type=\"tp-button.default\">\n\t\t\t\t\t<div class=\"pt-plus-button-wrapper   text-\"><div class=\"button_parallax\" ><div id=\"button69e17acf722be\"  class=\"text- ts-button content_hover_effect\" ><div class=\"pt_plus_button btn69e17acf71f3a button-style-16\"  ><div class=\"animted-content-inner\"><a href=\"https:\/\/edyprobiotec.com\/en\/productos\/\" class=\"button-link-wrap\" role=\"button\" data-hover=\"Productos biotecnol\u00f3gicos\"  ><span>Biotechnology products<i class=\"btn-icon button-after fa fa-arrow-right\"><\/i><\/span><\/a><\/div><\/div><\/div><\/div><\/div>\t\t\t\t<\/div>\n\t\t\t\t\t<\/div>\n\t\t\t\t<\/div>\n\t\t<div class=\"elementor-element elementor-element-1ad5c76 e-flex e-con-boxed e-con e-parent\" data-id=\"1ad5c76\" data-element_type=\"container\" data-settings=\"{&quot;background_background&quot;:&quot;classic&quot;,&quot;jet_parallax_layout_list&quot;:[]}\">\n\t\t\t\t\t<div class=\"e-con-inner\">\n\t\t\t\t<div class=\"elementor-element elementor-element-dccec48 elementor-widget-divider--view-line elementor-widget elementor-widget-divider\" data-id=\"dccec48\" data-element_type=\"widget\" data-widget_type=\"divider.default\">\n\t\t\t\t\t\t\t<div class=\"elementor-divider\">\n\t\t\t<span class=\"elementor-divider-separator\">\n\t\t\t\t\t\t<\/span>\n\t\t<\/div>\n\t\t\t\t\t\t<\/div>\n\t\t\t\t\t<\/div>\n\t\t\t\t<\/div>\n\t\t\t\t<\/div>\n\t\t\n    <div class=\"xs_social_share_widget xs_share_url after_content \t\tmain_content  wslu-style-1 wslu-share-box-shaped wslu-fill-colored wslu-none wslu-share-horizontal wslu-theme-font-no wslu-main_content\">\n\n\t\t\n        <ul>\n\t\t\t        <\/ul>\n    <\/div>","protected":false},"excerpt":{"rendered":"<p>Home Biotecnolog\u00eda agr\u00edcola An\u00e1lisis biol\u00f3gico y fisiol\u00f3gico En\u00a0EDYPRO\u00a0estudiamos detenidamente el funcionamiento biol\u00f3gico y fisiol\u00f3gico de las especies vegetales. Analizamos su estado fenol\u00f3gico y comportamiento, seg\u00fan el ciclo del cultivo, para determinar las causas por las que la especie est\u00e1 teniendo un comportamiento inadecuado para el objetivo de calidad y producci\u00f3n Analizamos las causas por las [&hellip;]<\/p>","protected":false},"author":1,"featured_media":0,"parent":0,"menu_order":0,"comment_status":"closed","ping_status":"closed","template":"elementor_header_footer","meta":{"_acf_changed":false,"footnotes":""},"class_list":["post-110","page","type-page","status-publish","hentry"],"acf":[],"_links":{"self":[{"href":"https:\/\/edyprobiotec.com\/en\/wp-json\/wp\/v2\/pages\/110","targetHints":{"allow":["GET"]}}],"collection":[{"href":"https:\/\/edyprobiotec.com\/en\/wp-json\/wp\/v2\/pages"}],"about":[{"href":"https:\/\/edyprobiotec.com\/en\/wp-json\/wp\/v2\/types\/page"}],"author":[{"embeddable":true,"href":"https:\/\/edyprobiotec.com\/en\/wp-json\/wp\/v2\/users\/1"}],"replies":[{"embeddable":true,"href":"https:\/\/edyprobiotec.com\/en\/wp-json\/wp\/v2\/comments?post=110"}],"version-history":[{"count":31,"href":"https:\/\/edyprobiotec.com\/en\/wp-json\/wp\/v2\/pages\/110\/revisions"}],"predecessor-version":[{"id":16788,"href":"https:\/\/edyprobiotec.com\/en\/wp-json\/wp\/v2\/pages\/110\/revisions\/16788"}],"wp:attachment":[{"href":"https:\/\/edyprobiotec.com\/en\/wp-json\/wp\/v2\/media?parent=110"}],"curies":[{"name":"wp","href":"https:\/\/api.w.org\/{rel}","templated":true}]}}