{"id":13995,"date":"2025-12-11T09:57:18","date_gmt":"2025-12-11T08:57:18","guid":{"rendered":"https:\/\/edyprobiotec.com\/?post_type=product&#038;p=13995"},"modified":"2025-12-11T09:57:45","modified_gmt":"2025-12-11T08:57:45","slug":"cenicienta","status":"publish","type":"product","link":"https:\/\/edyprobiotec.com\/en\/product\/cenicienta\/","title":{"rendered":"CENICIENTA"},"content":{"rendered":"<p><strong>CENICIENTA\u00a0<\/strong>es una nueva formulaci\u00f3n a base de hierro y manganeso que act\u00faa como corrector de estos elementos en los vegetales.<\/p>\n<p><strong>CENICIENTA<\/strong>\u00a0es un potenciador de resistencias de los cultivos frente a diferentes hongos causantes de o\u00eddios y otras enfermedades criptog\u00e1micas, adem\u00e1s de generar cultivos m\u00e1s resistentes a condiciones adversas y un aumento cualitativo y cuantitativo de las cosechas.<\/p>\n<p>La composici\u00f3n de <strong>CENICIENTA<\/strong>\u00a0contribuye al buen funcionamiento de la resistencia inmune adquirida (Systemic Acquired Resistance, SAR) y la resistencia inmune sist\u00e9mica (Induced Systemic Resistance, ISR), que son las respuestas inmunes que genera la planta para defenderse de la infecci\u00f3n por pat\u00f3genos f\u00fangicos y bacterianos.<\/p>\n<p><strong>CENICIENTA<\/strong>\u00a0proporciona hierro y manganeso de r\u00e1pida asimilaci\u00f3n necesarios para el buen desarrollo del cultivo, manteniendo en equilibrio las funciones vitales y nutricionales del mismo.<\/p>\n<p><iframe title=\"Cenicienta y Melastop en parral\" width=\"1200\" height=\"675\" src=\"https:\/\/www.youtube.com\/embed\/fHoL7c0wLxU?feature=oembed\" frameborder=\"0\" allow=\"accelerometer; autoplay; clipboard-write; encrypted-media; gyroscope; picture-in-picture; web-share\" referrerpolicy=\"strict-origin-when-cross-origin\" allowfullscreen><\/iframe><\/p>","protected":false},"excerpt":{"rendered":"<p class=\"MsoNormal\">Soluci\u00f3n de abono a base de Manganeso (Mn) con Hierro (Fe) para aplicaci\u00f3n foliar.<\/p>\n<p class=\"MsoNormal\">Fertilizante utilizable en Agricultura Ecol\u00f3gica seg\u00fan Norma UNE 142500.<\/p>\n<p><img decoding=\"async\" class=\"alignnone size-thumbnail wp-image-11709\" src=\"https:\/\/www.edypro-online.com\/wp-content\/uploads\/2020\/07\/logo-CAAE-INSUMOS-UNE-142500-01-150x150.png\" alt=\"\" width=\"150\" height=\"150\" \/><\/p>","protected":false},"featured_media":13794,"comment_status":"closed","ping_status":"closed","template":"","meta":{"_acf_changed":false,"inline_featured_image":false},"product_brand":[],"product_cat":[170],"product_tag":[165],"class_list":{"0":"post-13995","1":"product","2":"type-product","3":"status-publish","4":"has-post-thumbnail","6":"product_cat-biotecnologia-de-control","7":"product_tag-ecologico","9":"first","10":"instock","11":"taxable","12":"shipping-taxable","13":"purchasable","14":"product-type-variable"},"acf":[],"_links":{"self":[{"href":"https:\/\/edyprobiotec.com\/en\/wp-json\/wp\/v2\/product\/13995","targetHints":{"allow":["GET"]}}],"collection":[{"href":"https:\/\/edyprobiotec.com\/en\/wp-json\/wp\/v2\/product"}],"about":[{"href":"https:\/\/edyprobiotec.com\/en\/wp-json\/wp\/v2\/types\/product"}],"replies":[{"embeddable":true,"href":"https:\/\/edyprobiotec.com\/en\/wp-json\/wp\/v2\/comments?post=13995"}],"version-history":[{"count":0,"href":"https:\/\/edyprobiotec.com\/en\/wp-json\/wp\/v2\/product\/13995\/revisions"}],"wp:featuredmedia":[{"embeddable":true,"href":"https:\/\/edyprobiotec.com\/en\/wp-json\/wp\/v2\/media\/13794"}],"wp:attachment":[{"href":"https:\/\/edyprobiotec.com\/en\/wp-json\/wp\/v2\/media?parent=13995"}],"wp:term":[{"taxonomy":"product_brand","embeddable":true,"href":"https:\/\/edyprobiotec.com\/en\/wp-json\/wp\/v2\/product_brand?post=13995"},{"taxonomy":"product_cat","embeddable":true,"href":"https:\/\/edyprobiotec.com\/en\/wp-json\/wp\/v2\/product_cat?post=13995"},{"taxonomy":"product_tag","embeddable":true,"href":"https:\/\/edyprobiotec.com\/en\/wp-json\/wp\/v2\/product_tag?post=13995"}],"curies":[{"name":"wp","href":"https:\/\/api.w.org\/{rel}","templated":true}]}}