{"id":15732,"date":"2025-11-24T16:22:02","date_gmt":"2025-11-24T15:22:02","guid":{"rendered":"https:\/\/edyprobiotec.com\/?post_type=product&#038;p=15732"},"modified":"2025-11-26T11:19:31","modified_gmt":"2025-11-26T10:19:31","slug":"soja-cuaje","status":"publish","type":"product","link":"https:\/\/edyprobiotec.com\/en\/product\/soja-cuaje\/","title":{"rendered":"SOYBEAN CURD"},"content":{"rendered":"<p><b>SOYBEAN CURD <\/b>es una mezcla l\u00edquida de micronutrientes que act\u00faa como corrector de carencias reequilibrando la evoluci\u00f3n de la planta.<\/p>\n<p><b>SOJA CUAJE influye<\/b><b>:<\/b><\/p>\n<ul>\n<li><b>En la fertilidad del polen<\/b>.<\/li>\n<li>Logra magn\u00edfica fecundaci\u00f3n en condiciones de estr\u00e9s ambiental.<\/li>\n<li>R\u00e1pida acumulaci\u00f3n de metabolitos en el ovario despu\u00e9s de la fecundaci\u00f3n.<\/li>\n<li>Consigue una gran uniformidad en el n\u00famero de granos fecundados por vaina.<\/li>\n<li>Incrementa la producci\u00f3n a trav\u00e9s del <b>aumento del n\u00famero de vainas fecundadas.<\/b><\/li>\n<li>Logra entrenudos m\u00e1s cortos y regula el crecimiento de la planta.<\/li>\n<\/ul>\n\n    <div class=\"xs_social_share_widget xs_share_url after_content \t\tmain_content  wslu-style-1 wslu-share-box-shaped wslu-fill-colored wslu-none wslu-share-horizontal wslu-theme-font-no wslu-main_content\">\n\n\t\t\n        <ul>\n\t\t\t        <\/ul>\n    <\/div>","protected":false},"excerpt":{"rendered":"<p>MEZCLA L\u00cdQUIDA DE MICRONUTRIENTES: BORO (B), MANGANESO (Mn), MOLIBDENO (Mo) Y ZINC (Zn)<\/p>\n<p style=\"font-weight: 400;\">Fertilizer usable in organic plant production according to UNE Standard 142500.<\/p>\n<p><img decoding=\"async\" class=\"alignnone size-thumbnail wp-image-11709\" src=\"https:\/\/www.edypro-online.com\/wp-content\/uploads\/2020\/07\/logo-CAAE-INSUMOS-UNE-142500-01-150x150.png\" alt=\"\" width=\"150\" height=\"150\" \/><\/p>","protected":false},"featured_media":336,"comment_status":"closed","ping_status":"closed","template":"","meta":{"_acf_changed":false},"product_brand":[],"product_cat":[472],"product_tag":[114],"class_list":{"0":"post-15732","1":"product","2":"type-product","3":"status-publish","4":"has-post-thumbnail","6":"product_cat-biotecnologia-de-precision","7":"product_tag-ecologico","9":"first","10":"instock","11":"shipping-taxable","12":"product-type-variable"},"acf":[],"_links":{"self":[{"href":"https:\/\/edyprobiotec.com\/en\/wp-json\/wp\/v2\/product\/15732","targetHints":{"allow":["GET"]}}],"collection":[{"href":"https:\/\/edyprobiotec.com\/en\/wp-json\/wp\/v2\/product"}],"about":[{"href":"https:\/\/edyprobiotec.com\/en\/wp-json\/wp\/v2\/types\/product"}],"replies":[{"embeddable":true,"href":"https:\/\/edyprobiotec.com\/en\/wp-json\/wp\/v2\/comments?post=15732"}],"wp:featuredmedia":[{"embeddable":true,"href":"https:\/\/edyprobiotec.com\/en\/wp-json\/wp\/v2\/media\/336"}],"wp:attachment":[{"href":"https:\/\/edyprobiotec.com\/en\/wp-json\/wp\/v2\/media?parent=15732"}],"wp:term":[{"taxonomy":"product_brand","embeddable":true,"href":"https:\/\/edyprobiotec.com\/en\/wp-json\/wp\/v2\/product_brand?post=15732"},{"taxonomy":"product_cat","embeddable":true,"href":"https:\/\/edyprobiotec.com\/en\/wp-json\/wp\/v2\/product_cat?post=15732"},{"taxonomy":"product_tag","embeddable":true,"href":"https:\/\/edyprobiotec.com\/en\/wp-json\/wp\/v2\/product_tag?post=15732"}],"curies":[{"name":"wp","href":"https:\/\/api.w.org\/{rel}","templated":true}]}}