{"id":15750,"date":"2025-11-24T16:22:03","date_gmt":"2025-11-24T15:22:03","guid":{"rendered":"https:\/\/edyprobiotec.com\/?post_type=product&#038;p=15750"},"modified":"2025-11-26T10:18:47","modified_gmt":"2025-11-26T09:18:47","slug":"zima-radicular","status":"publish","type":"product","link":"https:\/\/edyprobiotec.com\/en\/product\/zima-radicular\/","title":{"rendered":"ZIMA RADICULAR"},"content":{"rendered":"<p><strong>ZIMA\u00a0RADICULAR<\/strong>\u00a0es un corrector, formulado para su empleo en el control preventivo y curativo de las carencias de Zinc y Manganeso.<\/p>\n<p>El producto est\u00e1 desarrollado para su empleo exclusivo en fertirrigaci\u00f3n (a trav\u00e9s del agua de riego). Dado a su lograda formulaci\u00f3n, el producto tiene una magn\u00edfica asimilaci\u00f3n a trav\u00e9s del sistema radicular lo que le confiere un gran efecto de &#8220;choque&#8221; en deficiencias declaradas.<\/p>\n<p>Se aconseja su empleo coincidiendo en los momentos de m\u00e1xima actividad vegetativa: primavera y verano.<\/p>\n\n    <div class=\"xs_social_share_widget xs_share_url after_content \t\tmain_content  wslu-style-1 wslu-share-box-shaped wslu-fill-colored wslu-none wslu-share-horizontal wslu-theme-font-no wslu-main_content\">\n\n\t\t\n        <ul>\n\t\t\t        <\/ul>\n    <\/div>","protected":false},"excerpt":{"rendered":"<p class=\"MsoNormal\">Mezcla L\u00edquida de Micronutrientes Minerales N 8: Manganeso (Mn) y Zinc (Zn).<\/p>","protected":false},"featured_media":357,"comment_status":"closed","ping_status":"closed","template":"","meta":{"_acf_changed":false},"product_brand":[],"product_cat":[476],"product_tag":[115],"class_list":{"0":"post-15750","1":"product","2":"type-product","3":"status-publish","4":"has-post-thumbnail","6":"product_cat-correctores-especificos","7":"product_tag-radicular","9":"first","10":"instock","11":"shipping-taxable","12":"purchasable","13":"product-type-variable"},"acf":[],"_links":{"self":[{"href":"https:\/\/edyprobiotec.com\/en\/wp-json\/wp\/v2\/product\/15750","targetHints":{"allow":["GET"]}}],"collection":[{"href":"https:\/\/edyprobiotec.com\/en\/wp-json\/wp\/v2\/product"}],"about":[{"href":"https:\/\/edyprobiotec.com\/en\/wp-json\/wp\/v2\/types\/product"}],"replies":[{"embeddable":true,"href":"https:\/\/edyprobiotec.com\/en\/wp-json\/wp\/v2\/comments?post=15750"}],"wp:featuredmedia":[{"embeddable":true,"href":"https:\/\/edyprobiotec.com\/en\/wp-json\/wp\/v2\/media\/357"}],"wp:attachment":[{"href":"https:\/\/edyprobiotec.com\/en\/wp-json\/wp\/v2\/media?parent=15750"}],"wp:term":[{"taxonomy":"product_brand","embeddable":true,"href":"https:\/\/edyprobiotec.com\/en\/wp-json\/wp\/v2\/product_brand?post=15750"},{"taxonomy":"product_cat","embeddable":true,"href":"https:\/\/edyprobiotec.com\/en\/wp-json\/wp\/v2\/product_cat?post=15750"},{"taxonomy":"product_tag","embeddable":true,"href":"https:\/\/edyprobiotec.com\/en\/wp-json\/wp\/v2\/product_tag?post=15750"}],"curies":[{"name":"wp","href":"https:\/\/api.w.org\/{rel}","templated":true}]}}