{"id":15767,"date":"2025-11-24T16:22:08","date_gmt":"2025-11-24T15:22:08","guid":{"rendered":"https:\/\/edyprobiotec.com\/?post_type=product&#038;p=15767"},"modified":"2025-11-26T09:59:34","modified_gmt":"2025-11-26T08:59:34","slug":"podium-arroz","status":"publish","type":"product","link":"https:\/\/edyprobiotec.com\/en\/product\/podium-arroz\/","title":{"rendered":"PODIUM RICE"},"content":{"rendered":"<p><strong>PODIUM RICE<\/strong> es un producto especialmente desarrollado a base de f\u00f3sforo y potasio de la m\u00e1xima calidad.<\/p>\n<p>Act\u00faa sobre los cultivos aportando estos elementos necesarios para el buen desarrollo del cultivo, manteniendo en equilibrio las funciones vitales y nutricionales del mismo.<\/p>\n<p><strong>PODIUM RICE<\/strong> crea en el cultivo una mejora nutricional y funcional que proporciona una mejor calidad del cultivo. La composici\u00f3n de <strong>PODIUM RICE<\/strong> contribuye al buen funcionamiento de la resistencia inmune adquirida <em>(Systemic Acquired Resistance, SAR)<\/em> y la resistencia inmune sist\u00e9mica<em> (Induced Systemic Resistance, ISR)<\/em>, que son las respuestas inmunes que genera la planta para defenderse de la infecci\u00f3n por pat\u00f3genos f\u00fangicos y bacterianos, entre ellos los problem\u00e1ticos hongos Pyricularia oryzae y Helminthosporium, entre otros.<\/p>\n<p>Su aplicaci\u00f3n crea en el cultivo una mejora nutricional y funcional que se traduce en una mejor calidad y rendimiento.<\/p>\n<p><strong>PODIUM RICE<\/strong> est\u00e1 especialmente indicado para ser aplicado en cultivos de arroz, tanto en variedades \u00edndicas como jap\u00f3nicas, as\u00ed como en cereales y green.<\/p>\n<p><iframe title=\"Session 10: Rice Grain Quality\" width=\"800\" height=\"450\" src=\"https:\/\/www.youtube.com\/embed\/80w8LNkSEZI?feature=oembed\" frameborder=\"0\" allow=\"accelerometer; autoplay; clipboard-write; encrypted-media; gyroscope; picture-in-picture; web-share\" referrerpolicy=\"strict-origin-when-cross-origin\" allowfullscreen><\/iframe><\/p>\n\n    <div class=\"xs_social_share_widget xs_share_url after_content \t\tmain_content  wslu-style-1 wslu-share-box-shaped wslu-fill-colored wslu-none wslu-share-horizontal wslu-theme-font-no wslu-main_content\">\n\n\t\t\n        <ul>\n\t\t\t        <\/ul>\n    <\/div>","protected":false},"excerpt":{"rendered":"<p style=\"text-align: justify;\">Soluci\u00f3n de Abono PK 10-8<\/p>\n<p>&nbsp;<\/p>","protected":false},"featured_media":440,"comment_status":"closed","ping_status":"closed","template":"","meta":{"_acf_changed":false},"product_brand":[],"product_cat":[472],"product_tag":[117],"class_list":{"0":"post-15767","1":"product","2":"type-product","3":"status-publish","4":"has-post-thumbnail","6":"product_cat-biotecnologia-de-precision","7":"product_tag-foliar","9":"first","10":"instock","11":"shipping-taxable","12":"product-type-variable"},"acf":[],"_links":{"self":[{"href":"https:\/\/edyprobiotec.com\/en\/wp-json\/wp\/v2\/product\/15767","targetHints":{"allow":["GET"]}}],"collection":[{"href":"https:\/\/edyprobiotec.com\/en\/wp-json\/wp\/v2\/product"}],"about":[{"href":"https:\/\/edyprobiotec.com\/en\/wp-json\/wp\/v2\/types\/product"}],"replies":[{"embeddable":true,"href":"https:\/\/edyprobiotec.com\/en\/wp-json\/wp\/v2\/comments?post=15767"}],"wp:featuredmedia":[{"embeddable":true,"href":"https:\/\/edyprobiotec.com\/en\/wp-json\/wp\/v2\/media\/440"}],"wp:attachment":[{"href":"https:\/\/edyprobiotec.com\/en\/wp-json\/wp\/v2\/media?parent=15767"}],"wp:term":[{"taxonomy":"product_brand","embeddable":true,"href":"https:\/\/edyprobiotec.com\/en\/wp-json\/wp\/v2\/product_brand?post=15767"},{"taxonomy":"product_cat","embeddable":true,"href":"https:\/\/edyprobiotec.com\/en\/wp-json\/wp\/v2\/product_cat?post=15767"},{"taxonomy":"product_tag","embeddable":true,"href":"https:\/\/edyprobiotec.com\/en\/wp-json\/wp\/v2\/product_tag?post=15767"}],"curies":[{"name":"wp","href":"https:\/\/api.w.org\/{rel}","templated":true}]}}