{"id":1161,"date":"2025-11-05T12:05:50","date_gmt":"2025-11-05T11:05:50","guid":{"rendered":"https:\/\/edyprobiotec.com\/?page_id=1161"},"modified":"2025-11-05T13:17:35","modified_gmt":"2025-11-05T12:17:35","slug":"politica-de-cookies","status":"publish","type":"page","link":"https:\/\/edyprobiotec.com\/it\/politica-de-cookies\/","title":{"rendered":"Politica sui cookie"},"content":{"rendered":"<div data-elementor-type=\"wp-page\" data-elementor-id=\"1161\" class=\"elementor elementor-1161\" data-elementor-post-type=\"page\">\n\t\t\t\t<div class=\"elementor-element elementor-element-45fbef7 e-flex e-con-boxed e-con e-parent\" data-id=\"45fbef7\" data-element_type=\"container\" data-settings=\"{&quot;jet_parallax_layout_list&quot;:[]}\">\n\t\t\t\t\t<div class=\"e-con-inner\">\n\t\t\t\t<div class=\"elementor-element elementor-element-cf8a0eb elementor-widget elementor-widget-heading\" data-id=\"cf8a0eb\" data-element_type=\"widget\" data-widget_type=\"heading.default\">\n\t\t\t\t\t<h2 class=\"elementor-heading-title elementor-size-default\">Politica sui cookie<\/h2>\t\t\t\t<\/div>\n\t\t\t\t<div class=\"elementor-element elementor-element-fac308e elementor-widget elementor-widget-heading\" data-id=\"fac308e\" data-element_type=\"widget\" data-widget_type=\"heading.default\">\n\t\t\t\t\t<h2 class=\"elementor-heading-title elementor-size-default\">INFORMAZIONI SUI COOKIE<\/h2>\t\t\t\t<\/div>\n\t\t\t\t<div class=\"elementor-element elementor-element-0bc5057 elementor-widget elementor-widget-text-editor\" data-id=\"0bc5057\" data-element_type=\"widget\" data-widget_type=\"text-editor.default\">\n\t\t\t\t\t\t\t\t\t<p>A causa dell&#039;entrata in vigore della modifica rilevante alla &quot;Legge sui servizi della societ\u00e0 dell&#039;informazione&quot; (LSSICE) stabilita dal Regio Decreto 13\/2012, \u00e8 obbligatorio ottenere il consenso espresso dell&#039;utente di tutti i siti web che utilizzano <em>biscotti\u00a0<\/em>superfluo, prima di attraversarli.<\/p>\t\t\t\t\t\t\t\t<\/div>\n\t\t\t\t<div class=\"elementor-element elementor-element-91cfd14 elementor-widget elementor-widget-heading\" data-id=\"91cfd14\" data-element_type=\"widget\" data-widget_type=\"heading.default\">\n\t\t\t\t\t<h3 class=\"elementor-heading-title elementor-size-default\">COSA SONO I COOKIE?<\/h3>\t\t\t\t<\/div>\n\t\t\t\t<div class=\"elementor-element elementor-element-63a058a elementor-widget elementor-widget-text-editor\" data-id=\"63a058a\" data-element_type=\"widget\" data-widget_type=\"text-editor.default\">\n\t\t\t\t\t\t\t\t\t<p>IL\u00a0<em>biscotti\u00a0<\/em>e altre tecnologie simili come oggetti condivisi locali, flash\u00a0<em>biscotti\u00a0<\/em>o pixel, sono strumenti utilizzati dai server web per archiviare e recuperare informazioni sui propri visitatori, nonch\u00e9 per garantire il corretto funzionamento del sito.<\/p><p>Utilizzando questi dispositivi, il server web \u00e8 in grado di ricordare alcuni dati riguardanti l&#039;utente, come le sue preferenze per la visualizzazione delle pagine di quel server, nome e password, prodotti che pi\u00f9 gli interessano, ecc.<\/p>\t\t\t\t\t\t\t\t<\/div>\n\t\t\t\t<div class=\"elementor-element elementor-element-c98ca6f elementor-widget elementor-widget-heading\" data-id=\"c98ca6f\" data-element_type=\"widget\" data-widget_type=\"heading.default\">\n\t\t\t\t\t<h3 class=\"elementor-heading-title elementor-size-default\">COOKIE SOGGETTI ALLA NORMATIVA E COOKIE ESENTI\n<\/h3>\t\t\t\t<\/div>\n\t\t\t\t<div class=\"elementor-element elementor-element-bf9ebaf elementor-widget elementor-widget-text-editor\" data-id=\"bf9ebaf\" data-element_type=\"widget\" data-widget_type=\"text-editor.default\">\n\t\t\t\t\t\t\t\t\t<p>Secondo la direttiva UE, l&#039;\u00a0<em>biscotti<\/em>che richiedono il consenso informato dell&#039;utente sono i\u00a0<em>biscotti<\/em>Sono esclusi i cookie analitici e pubblicitari e di affiliazione, fatta eccezione per i cookie tecnici e quelli necessari al funzionamento del sito web o all&#039;erogazione di servizi espressamente richiesti dall&#039;utente.<\/p>\t\t\t\t\t\t\t\t<\/div>\n\t\t\t\t<div class=\"elementor-element elementor-element-6019002 elementor-widget elementor-widget-heading\" data-id=\"6019002\" data-element_type=\"widget\" data-widget_type=\"heading.default\">\n\t\t\t\t\t<h3 class=\"elementor-heading-title elementor-size-default\">TIPI DI COOKIE\n<\/h3>\t\t\t\t<\/div>\n\t\t\t\t<div class=\"elementor-element elementor-element-501e256 elementor-widget elementor-widget-heading\" data-id=\"501e256\" data-element_type=\"widget\" data-widget_type=\"heading.default\">\n\t\t\t\t\t<h4 class=\"elementor-heading-title elementor-size-default\">SECONDO LO SCOPO<\/h4>\t\t\t\t<\/div>\n\t\t\t\t<div class=\"elementor-element elementor-element-67aca97 elementor-widget elementor-widget-text-editor\" data-id=\"67aca97\" data-element_type=\"widget\" data-widget_type=\"text-editor.default\">\n\t\t\t\t\t\t\t\t\t<ul class=\"wp-block-list\"><li><em><strong>Biscotti\u00a0<\/strong><\/em><strong>tecnico e funzionale<\/strong>Si tratta di cookie che consentono all&#039;utente di navigare attraverso un sito web, una piattaforma o un&#039;applicazione e di utilizzare le diverse opzioni o servizi presenti in esso.<em>.<\/em><\/li><li><em><strong>Biscotti\u00a0<\/strong><\/em><strong>analisi<\/strong>Si tratta di cookie che consentono al proprietario del sito web di tracciare e analizzare il comportamento degli utenti sui siti web a cui sono collegati. Le informazioni raccolte tramite questo tipo di cookie\u00a0<em>biscotti\u00a0<\/em>Viene utilizzato per misurare l&#039;attivit\u00e0 di siti web, applicazioni o piattaforme e per creare profili di navigazione degli utenti di tali siti, applicazioni e piattaforme, al fine di introdurre miglioramenti basati sull&#039;analisi dei dati di utilizzo realizzati dagli utenti del servizio.<\/li><li><em><strong>Biscotti\u00a0<\/strong><\/em><strong>pubblicit\u00e0:\u00a0<\/strong>Sono quelli che consentono la gestione pi\u00f9 efficiente degli spazi pubblicitari che l&#039;editore pu\u00f2 aver inserito in un sito web, applicazione o piattaforma da cui viene fornito il servizio richiesto, in base a criteri quali il contenuto pubblicato o la frequenza con cui vengono visualizzati gli annunci.<\/li><li><em><strong>Biscotti<\/strong><\/em><strong>pubblicit\u00e0 comportamentale<\/strong>: raccogliere informazioni sulle preferenze e le scelte personali dell&#039;utente (<em>retargeting<\/em>) per consentire la gestione pi\u00f9 efficiente degli spazi pubblicitari che l&#039;editore pu\u00f2 aver inserito in un sito web, applicazione o piattaforma da cui eroga il servizio richiesto.<\/li><li><em><strong>Biscotti\u00a0<\/strong><\/em><strong>sociale<\/strong>Questi cookie vengono impostati dalle piattaforme dei social media sui loro servizi per consentirti di condividere contenuti con i tuoi amici e i tuoi contatti. Le piattaforme dei social media hanno la possibilit\u00e0 di tracciare la tua attivit\u00e0 online al di fuori dei loro servizi. Ci\u00f2 potrebbe influire sui contenuti e sui messaggi che visualizzi su altri servizi che visiti.<\/li><li><em><strong>Biscotti<\/strong><\/em><strong>deafiliados<\/strong>: consentono il tracciamento delle visite provenienti da altri siti web, con i quali il sito web stabilisce un accordo di affiliazione (societ\u00e0 affiliate).<\/li><li><em><strong>Biscotti\u00a0<\/strong><\/em><strong>sicurezza<\/strong>Memorizzano informazioni crittografate per impedire che i dati in essi contenuti siano vulnerabili ad attacchi dannosi da parte di terzi.<\/li><\/ul>\t\t\t\t\t\t\t\t<\/div>\n\t\t\t\t<div class=\"elementor-element elementor-element-e38ff8e elementor-widget elementor-widget-heading\" data-id=\"e38ff8e\" data-element_type=\"widget\" data-widget_type=\"heading.default\">\n\t\t\t\t\t<h4 class=\"elementor-heading-title elementor-size-default\">SECONDO LA PROPRIET\u00c0<\/h4>\t\t\t\t<\/div>\n\t\t\t\t<div class=\"elementor-element elementor-element-c64b9b4 elementor-widget elementor-widget-text-editor\" data-id=\"c64b9b4\" data-element_type=\"widget\" data-widget_type=\"text-editor.default\">\n\t\t\t\t\t\t\t\t\t<ul class=\"wp-block-list\"><li><em><strong>Biscotti\u00a0<\/strong><\/em><strong>Proprio<\/strong>Sono quelli inviati al terminale dell&#039;utente da un computer o dominio gestito dallo stesso editore e dal quale viene erogato il servizio richiesto dall&#039;utente.<\/li><li><em><strong>Biscotti <\/strong><\/em><strong>da terze parti: <\/strong>Sono quelli inviati al terminale dell&#039;utente da un computer o dominio non gestito dall&#039;editore, ma da un&#039;altra entit\u00e0 che elabora i dati ottenuti tramite i cookie.<\/li><\/ul>\t\t\t\t\t\t\t\t<\/div>\n\t\t\t\t<div class=\"elementor-element elementor-element-5793a2d elementor-widget elementor-widget-heading\" data-id=\"5793a2d\" data-element_type=\"widget\" data-widget_type=\"heading.default\">\n\t\t\t\t\t<h4 class=\"elementor-heading-title elementor-size-default\">SECONDO IL PERIODO DI CONSERVAZIONE<\/h4>\t\t\t\t<\/div>\n\t\t\t\t<div class=\"elementor-element elementor-element-7e46bda elementor-widget elementor-widget-text-editor\" data-id=\"7e46bda\" data-element_type=\"widget\" data-widget_type=\"text-editor.default\">\n\t\t\t\t\t\t\t\t\t<ul class=\"wp-block-list\"><li><em><strong>Biscotti\u00a0<\/strong><\/em><strong>sessione:\u00a0<\/strong>Sono un tipo di\u00a0<em>biscotti\u00a0<\/em>progettato per raccogliere e memorizzare dati mentre l&#039;utente accede a una pagina web.<\/li><li><em><strong>Biscotti<\/strong><\/em><strong>persistente:<\/strong>Si tratta di un tipo di cookie in cui i dati rimangono memorizzati sul dispositivo e possono essere consultati ed elaborati per un periodo definito dal titolare del trattamento.\u00a0<em>biscotto<\/em>, e pu\u00f2 durare da pochi minuti a diversi anni.<\/li><\/ul>\t\t\t\t\t\t\t\t<\/div>\n\t\t\t\t<div class=\"elementor-element elementor-element-04e1fc2 elementor-widget elementor-widget-heading\" data-id=\"04e1fc2\" data-element_type=\"widget\" data-widget_type=\"heading.default\">\n\t\t\t\t\t<h2 class=\"elementor-heading-title elementor-size-default\">TRATTAMENTO DEI DATI PERSONALI\n<\/h2>\t\t\t\t<\/div>\n\t\t\t\t<div class=\"elementor-element elementor-element-d608087 elementor-widget elementor-widget-text-editor\" data-id=\"d608087\" data-element_type=\"widget\" data-widget_type=\"text-editor.default\">\n\t\t\t\t\t\t\t\t\t<p>EDYPRO FERTILIZANTES, SL \u00e8 la\u00a0<strong>Responsabile<\/strong><strong>del<\/strong><strong>trattamento<\/strong>dei dati personali di\u00a0<strong>Interessato<\/strong>e La informa che tali dati saranno trattati nel rispetto delle disposizioni del Regolamento (UE) 2016\/679 del 27 aprile 2016 (GDPR), e pertanto Le fornisce le seguenti informazioni sul trattamento:<\/p><p><strong><br \/>Finalit\u00e0 del trattamento:\u00a0<\/strong>come specificato nella sezione su\u00a0<em>biscotti\u00a0<\/em>che vengono utilizzati su questo sito web.<\/p><p><strong><br \/>Legittimazione del trattamento<\/strong>: mediante il consenso dell\u2019interessato (art. 6.1 GDPR).<\/p><p><strong><br \/>Criteri di conservazione dei dati<\/strong>: come specificato nella sezione su\u00a0<em>biscotti\u00a0<\/em>utilizzato sul web.<\/p><p><strong><br \/>Comunicazione <\/strong><strong>Di <\/strong><strong>IL <\/strong><strong>dati<\/strong>I dati non saranno comunicati a terzi, fatta eccezione per i cookie di propriet\u00e0 di terzi o quando richiesto dalla legge.<\/p>\t\t\t\t\t\t\t\t<\/div>\n\t\t\t\t<div class=\"elementor-element elementor-element-8835031 elementor-widget elementor-widget-heading\" data-id=\"8835031\" data-element_type=\"widget\" data-widget_type=\"heading.default\">\n\t\t\t\t\t<h3 class=\"elementor-heading-title elementor-size-default\">Diritti dell&#039;interessato:\n<\/h3>\t\t\t\t<\/div>\n\t\t\t\t<div class=\"elementor-element elementor-element-cc4afc7 elementor-widget elementor-widget-text-editor\" data-id=\"cc4afc7\" data-element_type=\"widget\" data-widget_type=\"text-editor.default\">\n\t\t\t\t\t\t\t\t\t<ul class=\"wp-block-list\"><li>Diritto di revocare il consenso in qualsiasi momento.<\/li><li>Diritto di accesso, rettifica, portabilit\u00e0 e cancellazione dei tuoi dati, nonch\u00e9 di limitarne o opporti al loro trattamento.<\/li><li>Diritto di proporre reclamo all&#039;Autorit\u00e0 di controllo (www.aepd.es) se ritieni che il trattamento non sia conforme alla normativa vigente.<\/li><\/ul>\t\t\t\t\t\t\t\t<\/div>\n\t\t\t\t<div class=\"elementor-element elementor-element-83b9e6d elementor-widget elementor-widget-heading\" data-id=\"83b9e6d\" data-element_type=\"widget\" data-widget_type=\"heading.default\">\n\t\t\t\t\t<h3 class=\"elementor-heading-title elementor-size-default\">Informazioni di contatto per esercitare i tuoi diritti:<\/h3>\t\t\t\t<\/div>\n\t\t\t\t<div class=\"elementor-element elementor-element-0788fe9 elementor-widget elementor-widget-text-editor\" data-id=\"0788fe9\" data-element_type=\"widget\" data-widget_type=\"text-editor.default\">\n\t\t\t\t\t\t\t\t\t<div id=\"content\" class=\"site-content\"><div class=\"ast-container\"><div id=\"primary\" class=\"content-area primary\"><main id=\"main\" class=\"site-main\"><article id=\"post-1385\" class=\"post-1385 page type-page status-publish ast-article-single\"><div class=\"entry-content clear\"><p>EDYPRO FERTILIZZANTI, SL. C\/ MAYOR, 17 \u2013 46134 FOIOS (Valencia). E-mail:\u00a0<a role=\"link\" href=\"mailto:info@edypro-online.com\">info@edypro-online.com<\/a><\/p><\/div><\/article><\/main><\/div><\/div><\/div>\t\t\t\t\t\t\t\t<\/div>\n\t\t\t\t\t<\/div>\n\t\t\t\t<\/div>\n\t\t\t\t<\/div>\n\t\t\n    <div class=\"xs_social_share_widget xs_share_url after_content \t\tmain_content  wslu-style-1 wslu-share-box-shaped wslu-fill-colored wslu-none wslu-share-horizontal wslu-theme-font-no wslu-main_content\">\n\n\t\t\n        <ul>\n\t\t\t        <\/ul>\n    <\/div>","protected":false},"excerpt":{"rendered":"<p>INFORMACI\u00d3N SOBRE COOKIES Debido a la entrada en vigor de la referente modificaci\u00f3n de la \u00abLey de Servicios de la Sociedad de la Informaci\u00f3n\u00bb (LSSICE) establecida por el Real Decreto 13\/2012, es de obligaci\u00f3n obtener el consentimiento expreso del usuario de todas las p\u00e1ginas web que usan cookies\u00a0prescindibles, antes de que este navegue por ellas. [&hellip;]<\/p>","protected":false},"author":1,"featured_media":0,"parent":0,"menu_order":0,"comment_status":"closed","ping_status":"closed","template":"","meta":{"_acf_changed":false,"footnotes":""},"class_list":["post-1161","page","type-page","status-publish","hentry"],"acf":[],"_links":{"self":[{"href":"https:\/\/edyprobiotec.com\/it\/wp-json\/wp\/v2\/pages\/1161","targetHints":{"allow":["GET"]}}],"collection":[{"href":"https:\/\/edyprobiotec.com\/it\/wp-json\/wp\/v2\/pages"}],"about":[{"href":"https:\/\/edyprobiotec.com\/it\/wp-json\/wp\/v2\/types\/page"}],"author":[{"embeddable":true,"href":"https:\/\/edyprobiotec.com\/it\/wp-json\/wp\/v2\/users\/1"}],"replies":[{"embeddable":true,"href":"https:\/\/edyprobiotec.com\/it\/wp-json\/wp\/v2\/comments?post=1161"}],"version-history":[{"count":13,"href":"https:\/\/edyprobiotec.com\/it\/wp-json\/wp\/v2\/pages\/1161\/revisions"}],"predecessor-version":[{"id":1242,"href":"https:\/\/edyprobiotec.com\/it\/wp-json\/wp\/v2\/pages\/1161\/revisions\/1242"}],"wp:attachment":[{"href":"https:\/\/edyprobiotec.com\/it\/wp-json\/wp\/v2\/media?parent=1161"}],"curies":[{"name":"wp","href":"https:\/\/api.w.org\/{rel}","templated":true}]}}