{"id":15723,"date":"2025-11-24T16:22:02","date_gmt":"2025-11-24T15:22:02","guid":{"rendered":"https:\/\/edyprobiotec.com\/?post_type=product&#038;p=15723"},"modified":"2025-11-26T11:11:40","modified_gmt":"2025-11-26T10:11:40","slug":"edyfos","status":"publish","type":"product","link":"https:\/\/edyprobiotec.com\/it\/prodotto\/edyfos\/","title":{"rendered":"EDYFOS"},"content":{"rendered":"<p><strong>EDYFOS<\/strong> Si tratta di una fonte di fosforo altamente assimilabile, pensata principalmente per facilitare l&#039;assimilazione di questo elemento in circostanze avverse.<\/p>\n<p><strong>EDYFOS<\/strong> Si tratta di una formulazione appositamente sviluppata per fornire fosforo nei periodi di maggiore necessit\u00e0 delle colture.<\/p>\n<p>Il fosforo \u00e8 considerato un macronutriente essenziale in quanto fa parte degli acidi nucleici, dei fosfolipidi e di altri componenti del materiale cellulare.<\/p>\n<p>\u00c8 considerato anche l&#039;elemento prioritario per il suo ruolo nella respirazione, nella fotosintesi e nella riduzione dei nitrati.<\/p>\n<p>Il fosforo \u00e8 un elemento per eccellenza per la qualit\u00e0, poich\u00e9 la sua presenza in quantit\u00e0 sufficiente previene i problemi causati dall&#039;eccesso di azoto, favorendo inoltre una maturazione precoce.<\/p>\n<p><iframe title=\"Come ottenere un&#039;eccellente allegagione nelle verdure\" width=\"800\" height=\"450\" src=\"https:\/\/www.youtube.com\/embed\/QFMVIfsIfwI?feature=oembed\" frameborder=\"0\" allow=\"accelerometer; autoplay; clipboard-write; encrypted-media; gyroscope; picture-in-picture; web-share\" referrerpolicy=\"strict-origin-when-cross-origin\" allowfullscreen><\/iframe><\/p>\n\n    <div class=\"xs_social_share_widget xs_share_url after_content \t\tmain_content  wslu-style-1 wslu-share-box-shaped wslu-fill-colored wslu-none wslu-share-horizontal wslu-theme-font-no wslu-main_content\">\n\n\t\t\n        <ul>\n\t\t\t        <\/ul>\n    <\/div>","protected":false},"excerpt":{"rendered":"<p class=\"MsoNormal\"><span lang=\"CA\">Fosforo e Molibdeno ad elevata assimilazione.<\/span><\/p>\n<p class=\"MsoNormal\"><span lang=\"CA\"><img decoding=\"async\" src=\"\/images\/iconos\/Residuo cero2.png\" alt=\"residuo cero\" width=\"60\" \/><\/span><\/p>","protected":false},"featured_media":375,"comment_status":"closed","ping_status":"closed","template":"","meta":{"_acf_changed":false},"product_brand":[],"product_cat":[474],"product_tag":[117],"class_list":{"0":"post-15723","1":"product","2":"type-product","3":"status-publish","4":"has-post-thumbnail","6":"product_cat-biotecnologia-de-fertilizacion","7":"product_tag-foliar","9":"first","10":"instock","11":"shipping-taxable","12":"purchasable","13":"product-type-variable"},"acf":[],"_links":{"self":[{"href":"https:\/\/edyprobiotec.com\/it\/wp-json\/wp\/v2\/product\/15723","targetHints":{"allow":["GET"]}}],"collection":[{"href":"https:\/\/edyprobiotec.com\/it\/wp-json\/wp\/v2\/product"}],"about":[{"href":"https:\/\/edyprobiotec.com\/it\/wp-json\/wp\/v2\/types\/product"}],"replies":[{"embeddable":true,"href":"https:\/\/edyprobiotec.com\/it\/wp-json\/wp\/v2\/comments?post=15723"}],"wp:featuredmedia":[{"embeddable":true,"href":"https:\/\/edyprobiotec.com\/it\/wp-json\/wp\/v2\/media\/375"}],"wp:attachment":[{"href":"https:\/\/edyprobiotec.com\/it\/wp-json\/wp\/v2\/media?parent=15723"}],"wp:term":[{"taxonomy":"product_brand","embeddable":true,"href":"https:\/\/edyprobiotec.com\/it\/wp-json\/wp\/v2\/product_brand?post=15723"},{"taxonomy":"product_cat","embeddable":true,"href":"https:\/\/edyprobiotec.com\/it\/wp-json\/wp\/v2\/product_cat?post=15723"},{"taxonomy":"product_tag","embeddable":true,"href":"https:\/\/edyprobiotec.com\/it\/wp-json\/wp\/v2\/product_tag?post=15723"}],"curies":[{"name":"wp","href":"https:\/\/api.w.org\/{rel}","templated":true}]}}