{"id":15728,"date":"2025-11-24T16:22:02","date_gmt":"2025-11-24T15:22:02","guid":{"rendered":"https:\/\/edyprobiotec.com\/?post_type=product&#038;p=15728"},"modified":"2025-11-26T11:16:57","modified_gmt":"2025-11-26T10:16:57","slug":"bidesinfeccion-plus","status":"publish","type":"product","link":"https:\/\/edyprobiotec.com\/it\/prodotto\/bidesinfeccion-plus\/","title":{"rendered":"BIDESINFECTION PLUS"},"content":{"rendered":"<p><span style=\"text-align: justify;\"><b>BIDESINFECCI\u00d3N<\/b> <b>PLUS<\/b> es un producto especialmente dise\u00f1ado para ser aplicado al suelo de cultivo (con o sin cultivo), proporcionando un excelente medio capaz de mantener en equilibrio las funciones vitales y nutricionales del cultivo.<\/span><\/p>\n<p><b>BIDESINFECTION PLUS<\/b> permite satisfacer la demanda nutricional de hongos end\u00f3fitos beneficiosos tales como los pertenecientes al g\u00e9nero trichoderma, gliocladium, arthrobotrys as\u00ed como los micorr\u00edcicos esenciales. Estos hongos no solo evitan la proliferaci\u00f3n de los hongos y bacterias fitopat\u00f3genos sino que tambi\u00e9n generan sustancias que eliminan la presencia de nem\u00e1todos como los del g\u00e9nero meloidogyne, tylenchulus, pratylenchus, entre otros.<\/p>\n<p>La composizione di <b>BIDESINFECTION PLUS<\/b> contribuye al buen funcionamiento de la resistencia inmune adquirida (Systemic Acquired Resistance, SAR) y la resistencia inmune sist\u00e9mica (Induced Systemic Resistance, ISR), que son las respuestas inmunes que genera la planta para defenderse de la infecci\u00f3n por pat\u00f3genos f\u00fangicos y bacterianos, entre ellos los problem\u00e1ticos hongos Alternaria, Phytophthora, Rhizoctonia, Sclerotinia o Verticillium, y nematodos.<\/p>\n<p>&nbsp;<\/p>\n<p><iframe title=\"CONSEJO EDYPRO Desinfecci\u00f3n de suelos\" width=\"800\" height=\"450\" src=\"https:\/\/www.youtube.com\/embed\/oCncpXgD0r4?feature=oembed\" frameborder=\"0\" allow=\"accelerometer; autoplay; clipboard-write; encrypted-media; gyroscope; picture-in-picture; web-share\" referrerpolicy=\"strict-origin-when-cross-origin\" allowfullscreen><\/iframe><\/p>\n\n    <div class=\"xs_social_share_widget xs_share_url after_content \t\tmain_content  wslu-style-1 wslu-share-box-shaped wslu-fill-colored wslu-none wslu-share-horizontal wslu-theme-font-no wslu-main_content\">\n\n\t\t\n        <ul>\n\t\t\t        <\/ul>\n    <\/div>","protected":false},"excerpt":{"rendered":"<p class=\"MsoNormal\">Amino\u00e1cidos N 5 para fertirrigaci\u00f3n.<\/p>\n<p class=\"MsoNormal\">Fertilizzante idrosolubile.<\/p>\n<p class=\"MsoNormal\">Fertilizante utilizable en producci\u00f3n vegetal ecol\u00f3gica seg\u00fan Norma UNE 142500.<\/p>\n<p><img decoding=\"async\" class=\"alignnone size-thumbnail wp-image-11709\" src=\"https:\/\/www.edypro-online.com\/wp-content\/uploads\/2020\/07\/logo-CAAE-INSUMOS-UNE-142500-01-150x150.png\" alt=\"\" width=\"150\" height=\"150\" \/><\/p>","protected":false},"featured_media":497,"comment_status":"closed","ping_status":"closed","template":"","meta":{"_acf_changed":false},"product_brand":[],"product_cat":[475],"product_tag":[114],"class_list":{"0":"post-15728","1":"product","2":"type-product","3":"status-publish","4":"has-post-thumbnail","6":"product_cat-biotecnologia-de-control","7":"product_tag-ecologico","9":"first","10":"instock","11":"shipping-taxable","12":"purchasable","13":"product-type-variable"},"acf":[],"_links":{"self":[{"href":"https:\/\/edyprobiotec.com\/it\/wp-json\/wp\/v2\/product\/15728","targetHints":{"allow":["GET"]}}],"collection":[{"href":"https:\/\/edyprobiotec.com\/it\/wp-json\/wp\/v2\/product"}],"about":[{"href":"https:\/\/edyprobiotec.com\/it\/wp-json\/wp\/v2\/types\/product"}],"replies":[{"embeddable":true,"href":"https:\/\/edyprobiotec.com\/it\/wp-json\/wp\/v2\/comments?post=15728"}],"wp:featuredmedia":[{"embeddable":true,"href":"https:\/\/edyprobiotec.com\/it\/wp-json\/wp\/v2\/media\/497"}],"wp:attachment":[{"href":"https:\/\/edyprobiotec.com\/it\/wp-json\/wp\/v2\/media?parent=15728"}],"wp:term":[{"taxonomy":"product_brand","embeddable":true,"href":"https:\/\/edyprobiotec.com\/it\/wp-json\/wp\/v2\/product_brand?post=15728"},{"taxonomy":"product_cat","embeddable":true,"href":"https:\/\/edyprobiotec.com\/it\/wp-json\/wp\/v2\/product_cat?post=15728"},{"taxonomy":"product_tag","embeddable":true,"href":"https:\/\/edyprobiotec.com\/it\/wp-json\/wp\/v2\/product_tag?post=15728"}],"curies":[{"name":"wp","href":"https:\/\/api.w.org\/{rel}","templated":true}]}}