{"id":15737,"date":"2025-11-24T16:22:03","date_gmt":"2025-11-24T15:22:03","guid":{"rendered":"https:\/\/edyprobiotec.com\/?post_type=product&#038;p=15737"},"modified":"2025-11-26T10:55:23","modified_gmt":"2025-11-26T09:55:23","slug":"groskolor-plus","status":"publish","type":"product","link":"https:\/\/edyprobiotec.com\/it\/prodotto\/groskolor-plus\/","title":{"rendered":"GROSKOLOR PLUS"},"content":{"rendered":"<p><strong>GROSKOLOR PLUS<\/strong> Si tratta di una speciale combinazione di nutrienti che fornisce alla pianta un equilibrio adeguato per la maturazione del frutto, influenzandone le qualit\u00e0 fisiche: spessore, peso, uniformit\u00e0, consistenza e le qualit\u00e0 organolettiche: colore, sapore, ecc.<\/p>\n<p>Il contributo che\u00a0<strong>GROSKOLOR PLUS<\/strong>\u00a0\u00a0Fornisce potassio, calcio e boro, prevenendo malattie causate da disturbi nutrizionali come:<\/p>\n<ul>\n<li>Bitter Point (tappo di mela)<\/li>\n<li>Marciume asettico apicale (nel pomodoro, nel peperone, nell&#039;olivo)<\/li>\n<li>Forcella della radice di barbabietola.<\/li>\n<\/ul>\n\n    <div class=\"xs_social_share_widget xs_share_url after_content \t\tmain_content  wslu-style-1 wslu-share-box-shaped wslu-fill-colored wslu-none wslu-share-horizontal wslu-theme-font-no wslu-main_content\">\n\n\t\t\n        <ul>\n\t\t\t        <\/ul>\n    <\/div>","protected":false},"excerpt":{"rendered":"<p class=\"MsoNormal\"><span lang=\"CA\">SOLUZIONE DI NK (Ca)4-11 (3.4) CON BORO (B) PER APPLICAZIONE FOGLIARE<br \/>\nE RADICOLARE.<\/span><\/p>\n<p>Una combinazione di nutrienti che fornisce equilibrio nutrizionale per il corretto addensamento del frutto.<\/p>\n<p>&nbsp;<\/p>","protected":false},"featured_media":264,"comment_status":"closed","ping_status":"closed","template":"","meta":{"_acf_changed":false},"product_brand":[],"product_cat":[473],"product_tag":[117],"class_list":{"0":"post-15737","1":"product","2":"type-product","3":"status-publish","4":"has-post-thumbnail","6":"product_cat-nutricion-especifica","7":"product_tag-foliar","9":"first","10":"instock","11":"shipping-taxable","12":"product-type-variable"},"acf":[],"_links":{"self":[{"href":"https:\/\/edyprobiotec.com\/it\/wp-json\/wp\/v2\/product\/15737","targetHints":{"allow":["GET"]}}],"collection":[{"href":"https:\/\/edyprobiotec.com\/it\/wp-json\/wp\/v2\/product"}],"about":[{"href":"https:\/\/edyprobiotec.com\/it\/wp-json\/wp\/v2\/types\/product"}],"replies":[{"embeddable":true,"href":"https:\/\/edyprobiotec.com\/it\/wp-json\/wp\/v2\/comments?post=15737"}],"wp:featuredmedia":[{"embeddable":true,"href":"https:\/\/edyprobiotec.com\/it\/wp-json\/wp\/v2\/media\/264"}],"wp:attachment":[{"href":"https:\/\/edyprobiotec.com\/it\/wp-json\/wp\/v2\/media?parent=15737"}],"wp:term":[{"taxonomy":"product_brand","embeddable":true,"href":"https:\/\/edyprobiotec.com\/it\/wp-json\/wp\/v2\/product_brand?post=15737"},{"taxonomy":"product_cat","embeddable":true,"href":"https:\/\/edyprobiotec.com\/it\/wp-json\/wp\/v2\/product_cat?post=15737"},{"taxonomy":"product_tag","embeddable":true,"href":"https:\/\/edyprobiotec.com\/it\/wp-json\/wp\/v2\/product_tag?post=15737"}],"curies":[{"name":"wp","href":"https:\/\/api.w.org\/{rel}","templated":true}]}}