{"id":15743,"date":"2025-11-24T16:22:03","date_gmt":"2025-11-24T15:22:03","guid":{"rendered":"https:\/\/edyprobiotec.com\/?post_type=product&#038;p=15743"},"modified":"2025-11-26T11:01:55","modified_gmt":"2025-11-26T10:01:55","slug":"ca-fruit","status":"publish","type":"product","link":"https:\/\/edyprobiotec.com\/it\/prodotto\/ca-fruit\/","title":{"rendered":"CA-FRUTTA"},"content":{"rendered":"<p>Il calcio \u00e8 un elemento essenziale per la formazione della materia plastica nei tessuti vegetali. Di conseguenza, un livello adeguato di calcio dall&#039;inizio dello sviluppo del frutto fino alla maturazione si traduce in frutti di buone dimensioni.<\/p>\n<p><strong>CA-FRUTTA<\/strong> Si tratta di una formulazione biotecnologica configurata da una nuova molecola che agisce in due modi: ottenendo una rapida assimilazione e aumentando il potenziale osmotico che ottimizza la lignificazione della buccia del frutto.<\/p>\n<p><strong>\u00a0CA-FRUTTA<\/strong> Si tratta di uno speciale correttore nutrizionale a base di calcio, migliorato e pi\u00f9 potente, sviluppato per controllare le carenze dovute a squilibri nell&#039;assimilazione e per prevenire i disturbi fisiologici derivanti dalla carenza di questo elemento. Previene inoltre l&#039;invecchiamento precoce dei frutti e aumenta la resistenza ai danni fisici causati durante la raccolta. <strong>CA-FRUTTA<\/strong> \u00c8 essenziale per lo sviluppo di radici, rami, germogli e di qualsiasi organo in via di sviluppo. Ha un effetto diretto sull&#039;aumento della consistenza dei frutti, aumentandone cos\u00ec la conservabilit\u00e0 e la qualit\u00e0 post-raccolta.<\/p>\n<p><iframe title=\"Il calcio ottimale per il tuo raccolto\" width=\"800\" height=\"450\" src=\"https:\/\/www.youtube.com\/embed\/iyI6OXvG6SM?list=PLwwGujzFvyXghCoP_OY7wz-ZLDQa9jP4k\" frameborder=\"0\" allow=\"accelerometer; autoplay; clipboard-write; encrypted-media; gyroscope; picture-in-picture; web-share\" referrerpolicy=\"strict-origin-when-cross-origin\" allowfullscreen><\/iframe><\/p>\n\n    <div class=\"xs_social_share_widget xs_share_url after_content \t\tmain_content  wslu-style-1 wslu-share-box-shaped wslu-fill-colored wslu-none wslu-share-horizontal wslu-theme-font-no wslu-main_content\">\n\n\t\t\n        <ul>\n\t\t\t        <\/ul>\n    <\/div>","protected":false},"excerpt":{"rendered":"<p>Cloruro di calcio (Ca) (13)<\/p>\n<p>Fertilizzante utilizzabile in Agricoltura Biologica secondo la Norma UNE 142500.<\/p>\n<p><img decoding=\"async\" class=\"alignnone size-thumbnail wp-image-11709\" src=\"https:\/\/www.edypro-online.com\/wp-content\/uploads\/2020\/07\/logo-CAAE-INSUMOS-UNE-142500-01-150x150.png\" alt=\"\" width=\"150\" height=\"150\" \/><\/p>\n<p>Prodotto utilizzabile in produzione biologica per il trattamento fogliare dei meli.<\/p>","protected":false},"featured_media":537,"comment_status":"closed","ping_status":"closed","template":"","meta":{"_acf_changed":false},"product_brand":[],"product_cat":[476],"product_tag":[114],"class_list":{"0":"post-15743","1":"product","2":"type-product","3":"status-publish","4":"has-post-thumbnail","6":"product_cat-correctores-especificos","7":"product_tag-ecologico","9":"first","10":"instock","11":"shipping-taxable","12":"purchasable","13":"product-type-variable"},"acf":[],"_links":{"self":[{"href":"https:\/\/edyprobiotec.com\/it\/wp-json\/wp\/v2\/product\/15743","targetHints":{"allow":["GET"]}}],"collection":[{"href":"https:\/\/edyprobiotec.com\/it\/wp-json\/wp\/v2\/product"}],"about":[{"href":"https:\/\/edyprobiotec.com\/it\/wp-json\/wp\/v2\/types\/product"}],"replies":[{"embeddable":true,"href":"https:\/\/edyprobiotec.com\/it\/wp-json\/wp\/v2\/comments?post=15743"}],"wp:featuredmedia":[{"embeddable":true,"href":"https:\/\/edyprobiotec.com\/it\/wp-json\/wp\/v2\/media\/537"}],"wp:attachment":[{"href":"https:\/\/edyprobiotec.com\/it\/wp-json\/wp\/v2\/media?parent=15743"}],"wp:term":[{"taxonomy":"product_brand","embeddable":true,"href":"https:\/\/edyprobiotec.com\/it\/wp-json\/wp\/v2\/product_brand?post=15743"},{"taxonomy":"product_cat","embeddable":true,"href":"https:\/\/edyprobiotec.com\/it\/wp-json\/wp\/v2\/product_cat?post=15743"},{"taxonomy":"product_tag","embeddable":true,"href":"https:\/\/edyprobiotec.com\/it\/wp-json\/wp\/v2\/product_tag?post=15743"}],"curies":[{"name":"wp","href":"https:\/\/api.w.org\/{rel}","templated":true}]}}