{"id":15758,"date":"2025-11-24T16:22:03","date_gmt":"2025-11-24T15:22:03","guid":{"rendered":"https:\/\/edyprobiotec.com\/?post_type=product&#038;p=15758"},"modified":"2025-11-26T10:11:12","modified_gmt":"2025-11-26T09:11:12","slug":"zima-4","status":"publish","type":"product","link":"https:\/\/edyprobiotec.com\/it\/prodotto\/zima-4\/","title":{"rendered":"ZIMA 4%"},"content":{"rendered":"<p><strong>ZIMA 4%<\/strong> es un corrector nutricional a base de Zinc y Manganeso, complementado con Nitr\u00f3geno, de r\u00e1pida asimilaci\u00f3n y de acci\u00f3n directa en la prevenci\u00f3n y correcci\u00f3n de estos elementos.<\/p>\n<p>El Zinc y el Manganeso son elementos de suma importancia en el metabolismo vegetal por formar parte de numerosas enzimas e intervenir en numerosos procesos metab\u00f3licos de la planta: s\u00edntesis de prote\u00ednas, s\u00edntesis de auxinas, transporte del hierro,\u2026<\/p>\n<p><strong>ZIMA 4%<\/strong> mejora el crecimiento vegetativo, aumenta la expansi\u00f3n foliar y mejora la floraci\u00f3n y el cuajado de los frutos.<\/p>\n\n    <div class=\"xs_social_share_widget xs_share_url after_content \t\tmain_content  wslu-style-1 wslu-share-box-shaped wslu-fill-colored wslu-none wslu-share-horizontal wslu-theme-font-no wslu-main_content\">\n\n\t\t\n        <ul>\n\t\t\t        <\/ul>\n    <\/div>","protected":false},"excerpt":{"rendered":"<p>Mezcla L\u00edquida de Micronutrientes Minerales N 1,8: Manganeso (Mn) y Zinc (Zn).<\/p>","protected":false},"featured_media":361,"comment_status":"closed","ping_status":"closed","template":"","meta":{"_acf_changed":false},"product_brand":[],"product_cat":[476],"product_tag":[117],"class_list":{"0":"post-15758","1":"product","2":"type-product","3":"status-publish","4":"has-post-thumbnail","6":"product_cat-correctores-especificos","7":"product_tag-foliar","9":"first","10":"instock","11":"shipping-taxable","12":"product-type-variable"},"acf":[],"_links":{"self":[{"href":"https:\/\/edyprobiotec.com\/it\/wp-json\/wp\/v2\/product\/15758","targetHints":{"allow":["GET"]}}],"collection":[{"href":"https:\/\/edyprobiotec.com\/it\/wp-json\/wp\/v2\/product"}],"about":[{"href":"https:\/\/edyprobiotec.com\/it\/wp-json\/wp\/v2\/types\/product"}],"replies":[{"embeddable":true,"href":"https:\/\/edyprobiotec.com\/it\/wp-json\/wp\/v2\/comments?post=15758"}],"wp:featuredmedia":[{"embeddable":true,"href":"https:\/\/edyprobiotec.com\/it\/wp-json\/wp\/v2\/media\/361"}],"wp:attachment":[{"href":"https:\/\/edyprobiotec.com\/it\/wp-json\/wp\/v2\/media?parent=15758"}],"wp:term":[{"taxonomy":"product_brand","embeddable":true,"href":"https:\/\/edyprobiotec.com\/it\/wp-json\/wp\/v2\/product_brand?post=15758"},{"taxonomy":"product_cat","embeddable":true,"href":"https:\/\/edyprobiotec.com\/it\/wp-json\/wp\/v2\/product_cat?post=15758"},{"taxonomy":"product_tag","embeddable":true,"href":"https:\/\/edyprobiotec.com\/it\/wp-json\/wp\/v2\/product_tag?post=15758"}],"curies":[{"name":"wp","href":"https:\/\/api.w.org\/{rel}","templated":true}]}}