{"id":15764,"date":"2025-11-24T16:22:08","date_gmt":"2025-11-24T15:22:08","guid":{"rendered":"https:\/\/edyprobiotec.com\/?post_type=product&#038;p=15764"},"modified":"2025-11-26T09:46:27","modified_gmt":"2025-11-26T08:46:27","slug":"fer-expo","status":"publish","type":"product","link":"https:\/\/edyprobiotec.com\/it\/prodotto\/fer-expo\/","title":{"rendered":"FER EXPO"},"content":{"rendered":"<p><strong>FER EXPO<\/strong> Si tratta di un fertilizzante sviluppato appositamente per fornire alle colture i tre principali macroelementi: azoto, fosforo e potassio.<\/p>\n<p>Il suo utilizzo \u00e8 raccomandato in caso di difficolt\u00e0 nell&#039;assimilazione dei fertilizzanti convenzionali, dovute sia alla scarsa attivit\u00e0 del complesso argilloso-umico, sia all&#039;utilizzo di acque saline la cui conducibilit\u00e0 impedisce l&#039;applicazione di fertilizzanti convenzionali.<\/p>\n<p>Durante la stagione fredda, le applicazioni dovrebbero essere effettuate a mezzogiorno, cercando la temperatura pi\u00f9 favorevole.<\/p>\n<p>&nbsp;<\/p>\n\n    <div class=\"xs_social_share_widget xs_share_url after_content \t\tmain_content  wslu-style-1 wslu-share-box-shaped wslu-fill-colored wslu-none wslu-share-horizontal wslu-theme-font-no wslu-main_content\">\n\n\t\t\n        <ul>\n\t\t\t        <\/ul>\n    <\/div>","protected":false},"excerpt":{"rendered":"<p class=\"MsoNormal\" style=\"text-align: left;\">Soluzione fertilizzante NPK 5.6-3-9 per applicazione radicale.<\/p>\n<p>Fertilizzante idrosolubile.<\/p>\n<p>&nbsp;<\/p>","protected":false},"featured_media":400,"comment_status":"closed","ping_status":"closed","template":"","meta":{"_acf_changed":false},"product_brand":[],"product_cat":[474],"product_tag":[115],"class_list":{"0":"post-15764","1":"product","2":"type-product","3":"status-publish","4":"has-post-thumbnail","6":"product_cat-biotecnologia-de-fertilizacion","7":"product_tag-radicular","9":"first","10":"instock","11":"shipping-taxable","12":"product-type-variable"},"acf":[],"_links":{"self":[{"href":"https:\/\/edyprobiotec.com\/it\/wp-json\/wp\/v2\/product\/15764","targetHints":{"allow":["GET"]}}],"collection":[{"href":"https:\/\/edyprobiotec.com\/it\/wp-json\/wp\/v2\/product"}],"about":[{"href":"https:\/\/edyprobiotec.com\/it\/wp-json\/wp\/v2\/types\/product"}],"replies":[{"embeddable":true,"href":"https:\/\/edyprobiotec.com\/it\/wp-json\/wp\/v2\/comments?post=15764"}],"wp:featuredmedia":[{"embeddable":true,"href":"https:\/\/edyprobiotec.com\/it\/wp-json\/wp\/v2\/media\/400"}],"wp:attachment":[{"href":"https:\/\/edyprobiotec.com\/it\/wp-json\/wp\/v2\/media?parent=15764"}],"wp:term":[{"taxonomy":"product_brand","embeddable":true,"href":"https:\/\/edyprobiotec.com\/it\/wp-json\/wp\/v2\/product_brand?post=15764"},{"taxonomy":"product_cat","embeddable":true,"href":"https:\/\/edyprobiotec.com\/it\/wp-json\/wp\/v2\/product_cat?post=15764"},{"taxonomy":"product_tag","embeddable":true,"href":"https:\/\/edyprobiotec.com\/it\/wp-json\/wp\/v2\/product_tag?post=15764"}],"curies":[{"name":"wp","href":"https:\/\/api.w.org\/{rel}","templated":true}]}}