{"id":15769,"date":"2025-11-24T16:22:08","date_gmt":"2025-11-24T15:22:08","guid":{"rendered":"https:\/\/edyprobiotec.com\/?post_type=product&#038;p=15769"},"modified":"2025-11-26T10:00:08","modified_gmt":"2025-11-26T09:00:08","slug":"ultrazinc","status":"publish","type":"product","link":"https:\/\/edyprobiotec.com\/it\/prodotto\/ultrazinc\/","title":{"rendered":"ULTRAZINC"},"content":{"rendered":"<p style=\"text-align: justify;\"><strong>ULTRAZINC<\/strong> es un producto especialmente dise\u00f1ado para corregir espec\u00edficamente las carencias de zinc, de r\u00e1pida asimilaci\u00f3n y de acci\u00f3n directa en la prevenci\u00f3n y correcci\u00f3n de la falta de este elemento.<\/p>\n<p style=\"text-align: justify;\">Lo zinco che fornisce\u00a0<strong>ULTRAZINC<\/strong>\u00a0influye directamente en la s\u00edntesis de \u00e1cidos nucleicos y formaci\u00f3n de prote\u00ednas.\u00a0<strong>ULTRAZINC<\/strong>\u00a0tiene un\u00a0efecto\u00a0directo sobre la regulaci\u00f3n del crecimiento mediante el control del metabolismo de las auxinas.<\/p>\n<p style=\"text-align: justify;\">La deficiencia de Zinc provoca p\u00e9rdida de la dominancia apical, reducci\u00f3n del tama\u00f1o de la hoja y del entrenudo, clorosis internervial y disminuci\u00f3n del crecimiento de la planta.<\/p>\n<p><strong>ULTRAZINC<\/strong> es un producto de r\u00e1pida asimilaci\u00f3n y un fuerte efecto choque en carencias declaradas.<\/p>\n<p style=\"text-align: justify;\"><strong>ULTRAZINC\u00a0<\/strong>aumenta la fertilidad del polen e incrementa el macollaje en cultivos de arroz.<\/p>\n\n    <div class=\"xs_social_share_widget xs_share_url after_content \t\tmain_content  wslu-style-1 wslu-share-box-shaped wslu-fill-colored wslu-none wslu-share-horizontal wslu-theme-font-no wslu-main_content\">\n\n\t\t\n        <ul>\n\t\t\t        <\/ul>\n    <\/div>","protected":false},"excerpt":{"rendered":"<p>Soluci\u00f3n de abono a base de Zinc (Zn) (14)<\/p>\n<p>Fertilizzante utilizzabile in Agricoltura Biologica secondo la Norma UNE 142500.<\/p>\n<p><img decoding=\"async\" class=\"alignnone size-thumbnail wp-image-11709\" src=\"https:\/\/www.edypro-online.com\/wp-content\/uploads\/2020\/07\/logo-CAAE-INSUMOS-UNE-142500-01-150x150.png\" alt=\"\" width=\"150\" height=\"150\" \/><\/p>","protected":false},"featured_media":506,"comment_status":"closed","ping_status":"closed","template":"","meta":{"_acf_changed":false},"product_brand":[],"product_cat":[476],"product_tag":[114],"class_list":{"0":"post-15769","1":"product","2":"type-product","3":"status-publish","4":"has-post-thumbnail","6":"product_cat-correctores-especificos","7":"product_tag-ecologico","9":"first","10":"instock","11":"shipping-taxable","12":"product-type-variable"},"acf":[],"_links":{"self":[{"href":"https:\/\/edyprobiotec.com\/it\/wp-json\/wp\/v2\/product\/15769","targetHints":{"allow":["GET"]}}],"collection":[{"href":"https:\/\/edyprobiotec.com\/it\/wp-json\/wp\/v2\/product"}],"about":[{"href":"https:\/\/edyprobiotec.com\/it\/wp-json\/wp\/v2\/types\/product"}],"replies":[{"embeddable":true,"href":"https:\/\/edyprobiotec.com\/it\/wp-json\/wp\/v2\/comments?post=15769"}],"wp:featuredmedia":[{"embeddable":true,"href":"https:\/\/edyprobiotec.com\/it\/wp-json\/wp\/v2\/media\/506"}],"wp:attachment":[{"href":"https:\/\/edyprobiotec.com\/it\/wp-json\/wp\/v2\/media?parent=15769"}],"wp:term":[{"taxonomy":"product_brand","embeddable":true,"href":"https:\/\/edyprobiotec.com\/it\/wp-json\/wp\/v2\/product_brand?post=15769"},{"taxonomy":"product_cat","embeddable":true,"href":"https:\/\/edyprobiotec.com\/it\/wp-json\/wp\/v2\/product_cat?post=15769"},{"taxonomy":"product_tag","embeddable":true,"href":"https:\/\/edyprobiotec.com\/it\/wp-json\/wp\/v2\/product_tag?post=15769"}],"curies":[{"name":"wp","href":"https:\/\/api.w.org\/{rel}","templated":true}]}}