{"id":15772,"date":"2025-11-24T16:22:09","date_gmt":"2025-11-24T15:22:09","guid":{"rendered":"https:\/\/edyprobiotec.com\/?post_type=product&#038;p=15772"},"modified":"2025-11-26T09:42:29","modified_gmt":"2025-11-26T08:42:29","slug":"fer-ecologico","status":"publish","type":"product","link":"https:\/\/edyprobiotec.com\/it\/prodotto\/fer-ecologico\/","title":{"rendered":"FERRO ORGANICO"},"content":{"rendered":"<p><strong>FERRO ORGANICO<\/strong> pertenece a una nueva generaci\u00f3n de fertilizantes Sin Residuos desarrollado por <strong>EDYPRO\u00a0<\/strong>a base de materia org\u00e1nica cuyas propiedades son de suma importancia para la correcta evoluci\u00f3n del cultivo.<\/p>\n<p>Se recomienda su aplicaci\u00f3n continua como fertilizante b\u00e1sico para la buena evoluci\u00f3n del cultivo. Act\u00faa en el complejo Arcillo-H\u00famico teniendo una excelente asimilaci\u00f3n a\u00fan en condiciones desfavorables causadas por aguas duras o salinas.<\/p>\n<p><strong>FERRO ORGANICO<\/strong> es un fertilizante dise\u00f1ado para su utilizaci\u00f3n en cultivos de Agricultura Ecol\u00f3gica como fuente de nutrientes muy asimilables en el complejo Arcillo-H\u00famico.\u00a0Su formulaci\u00f3n espec\u00edfica le confiere una magn\u00edfica asimilaci\u00f3n y mejora de modo notable cuando se trata de un suelo de pH ligeramente \u00e1cido.<\/p>\n<p>Se recomienda su aplicaci\u00f3n en aquellos suelos en los que existan dificultades de asimilaci\u00f3n de abonos convencionales debido a la baja actividad en el complejo Arcillo-H\u00famico o por la utilizaci\u00f3n de aguas salinas.<\/p>\n<p><iframe title=\"Lettore video di YouTube\" src=\"https:\/\/www.youtube.com\/embed\/BVT9_oNmkZA?si=wsvvIZN6WUc-K7On\" width=\"100%\" height=\"400\" frameborder=\"0\" allowfullscreen=\"allowfullscreen\"><\/iframe><\/p>\n<p><img fetchpriority=\"high\" decoding=\"async\" class=\"wp-image-8304 aligncenter\" src=\"https:\/\/www.edypro-online.com\/wp-content\/uploads\/2020\/07\/Grafico-FER-ECOLOGICO-es-1024x725.jpg\" alt=\"\" width=\"701\" height=\"496\" \/><\/p>\n\n    <div class=\"xs_social_share_widget xs_share_url after_content \t\tmain_content  wslu-style-1 wslu-share-box-shaped wslu-fill-colored wslu-none wslu-share-horizontal wslu-theme-font-no wslu-main_content\">\n\n\t\t\n        <ul>\n\t\t\t        <\/ul>\n    <\/div>","protected":false},"excerpt":{"rendered":"<p class=\"Heading1\" style=\"line-height: 100%;\">ABONO ORG\u00c1NICO NK 6.2-3 L\u00cdQUIDO PARA APLICACI\u00d3N RADICULAR<\/p>\n<p class=\"Heading1\" style=\"line-height: 100%;\">ABONO HIDROSOLUBLE.<\/p>\n<p class=\"Heading1\" style=\"line-height: 100%;\">Inscrito en el Registro de productos fertilizantes con el n\u00ba: F0003942\/2029<\/p>\n<p>Fertilizante utilizable en Agricultura Ecol\u00f3gica seg\u00fan Norma UNE 142500<\/p>\n<p><img decoding=\"async\" class=\"alignnone size-thumbnail wp-image-11709\" src=\"https:\/\/www.edypro-online.com\/wp-content\/uploads\/2020\/07\/logo-CAAE-INSUMOS-UNE-142500-01-150x150.png\" alt=\"\" width=\"150\" height=\"150\" \/><\/p>","protected":false},"featured_media":451,"comment_status":"closed","ping_status":"closed","template":"","meta":{"_acf_changed":false},"product_brand":[],"product_cat":[474],"product_tag":[114],"class_list":{"0":"post-15772","1":"product","2":"type-product","3":"status-publish","4":"has-post-thumbnail","6":"product_cat-biotecnologia-de-fertilizacion","7":"product_tag-ecologico","9":"first","10":"instock","11":"shipping-taxable","12":"purchasable","13":"product-type-variable"},"acf":[],"_links":{"self":[{"href":"https:\/\/edyprobiotec.com\/it\/wp-json\/wp\/v2\/product\/15772","targetHints":{"allow":["GET"]}}],"collection":[{"href":"https:\/\/edyprobiotec.com\/it\/wp-json\/wp\/v2\/product"}],"about":[{"href":"https:\/\/edyprobiotec.com\/it\/wp-json\/wp\/v2\/types\/product"}],"replies":[{"embeddable":true,"href":"https:\/\/edyprobiotec.com\/it\/wp-json\/wp\/v2\/comments?post=15772"}],"wp:featuredmedia":[{"embeddable":true,"href":"https:\/\/edyprobiotec.com\/it\/wp-json\/wp\/v2\/media\/451"}],"wp:attachment":[{"href":"https:\/\/edyprobiotec.com\/it\/wp-json\/wp\/v2\/media?parent=15772"}],"wp:term":[{"taxonomy":"product_brand","embeddable":true,"href":"https:\/\/edyprobiotec.com\/it\/wp-json\/wp\/v2\/product_brand?post=15772"},{"taxonomy":"product_cat","embeddable":true,"href":"https:\/\/edyprobiotec.com\/it\/wp-json\/wp\/v2\/product_cat?post=15772"},{"taxonomy":"product_tag","embeddable":true,"href":"https:\/\/edyprobiotec.com\/it\/wp-json\/wp\/v2\/product_tag?post=15772"}],"curies":[{"name":"wp","href":"https:\/\/api.w.org\/{rel}","templated":true}]}}