{"id":15921,"date":"2025-11-24T16:22:36","date_gmt":"2025-11-24T15:22:36","guid":{"rendered":"https:\/\/edyprobiotec.com\/?post_type=product&#038;p=15921"},"modified":"2025-11-26T09:37:23","modified_gmt":"2025-11-26T08:37:23","slug":"meedyu","status":"publish","type":"product","link":"https:\/\/edyprobiotec.com\/it\/prodotto\/meedyu\/","title":{"rendered":"MEEDYU"},"content":{"rendered":"<p><b>MEEDYU<\/b>\u00a0es una formulaci\u00f3n de nueva generaci\u00f3n desarrollada especialmente para lograr incrementar la barrera f\u00edsica en la pared celular mediante la dotaci\u00f3n a la planta de una fuente de calcio espec\u00edfica. Esta fuente de calcio incide de modo directo en el sistema de autodefensas y en consecuencia se activa en el metabolismo la acci\u00f3n mencionada.<\/p>\n<p>La aplicaci\u00f3n frecuente y continuada de <b>MEEDYU<\/b> genera un desarrollo \u00f3ptimo y unos tejidos bien lignificados. Su funci\u00f3n nutricional genera una estimulaci\u00f3n osm\u00f3tica que incide de modo en el incremento del tr\u00e1nsito de savia.<\/p>\n<p><b>MEEDYU<\/b> tiene la ventaja que no reseca y la planta sigue avanzando si acartonarse.<\/p>\n<p>En momentos cr\u00edticos se recomienda realizar aplicaciones con una frecuencia de 4 d\u00edas entre aplicaci\u00f3n y aplicaci\u00f3n.<\/p>\n\n    <div class=\"xs_social_share_widget xs_share_url after_content \t\tmain_content  wslu-style-1 wslu-share-box-shaped wslu-fill-colored wslu-none wslu-share-horizontal wslu-theme-font-no wslu-main_content\">\n\n\t\t\n        <ul>\n\t\t\t        <\/ul>\n    <\/div>","protected":false},"excerpt":{"rendered":"<p>Soluci\u00f3n de Calcio complejado (Ca) (2) para aplicaci\u00f3n foliar<\/p>","protected":false},"featured_media":669,"comment_status":"closed","ping_status":"closed","template":"","meta":{"_acf_changed":false},"product_brand":[],"product_cat":[475],"product_tag":[117],"class_list":{"0":"post-15921","1":"product","2":"type-product","3":"status-publish","4":"has-post-thumbnail","6":"product_cat-biotecnologia-de-control","7":"product_tag-foliar","9":"first","10":"instock","11":"shipping-taxable","12":"purchasable","13":"product-type-variable"},"acf":[],"_links":{"self":[{"href":"https:\/\/edyprobiotec.com\/it\/wp-json\/wp\/v2\/product\/15921","targetHints":{"allow":["GET"]}}],"collection":[{"href":"https:\/\/edyprobiotec.com\/it\/wp-json\/wp\/v2\/product"}],"about":[{"href":"https:\/\/edyprobiotec.com\/it\/wp-json\/wp\/v2\/types\/product"}],"replies":[{"embeddable":true,"href":"https:\/\/edyprobiotec.com\/it\/wp-json\/wp\/v2\/comments?post=15921"}],"wp:featuredmedia":[{"embeddable":true,"href":"https:\/\/edyprobiotec.com\/it\/wp-json\/wp\/v2\/media\/669"}],"wp:attachment":[{"href":"https:\/\/edyprobiotec.com\/it\/wp-json\/wp\/v2\/media?parent=15921"}],"wp:term":[{"taxonomy":"product_brand","embeddable":true,"href":"https:\/\/edyprobiotec.com\/it\/wp-json\/wp\/v2\/product_brand?post=15921"},{"taxonomy":"product_cat","embeddable":true,"href":"https:\/\/edyprobiotec.com\/it\/wp-json\/wp\/v2\/product_cat?post=15921"},{"taxonomy":"product_tag","embeddable":true,"href":"https:\/\/edyprobiotec.com\/it\/wp-json\/wp\/v2\/product_tag?post=15921"}],"curies":[{"name":"wp","href":"https:\/\/api.w.org\/{rel}","templated":true}]}}